{"id":94,"date":"2019-01-28T20:58:12","date_gmt":"2019-01-28T22:58:12","guid":{"rendered":"http:\/\/corecongo.gov.br\/transparencia\/?page_id=94"},"modified":"2025-03-04T22:51:10","modified_gmt":"2025-03-05T01:51:10","slug":"resolucoes-2016","status":"publish","type":"page","link":"https:\/\/corecongo.gov.br\/transparencia\/atos-normativos\/resolucoes-2016\/","title":{"rendered":"Resolu\u00e7\u00f5es 2016"},"content":{"rendered":"<p>&nbsp;<\/p>\n<table style=\"width: 100%;\" border=\"0\" align=\"center\">\n<tbody>\n<tr style=\"height: 70px;\">\n<th style=\"background-color: #333399; color: #ffffff; height: 70px; text-align: center;\">\n<p align=\"center\"><strong>RESOLU\u00c7\u00d5ES<\/strong><\/p>\n<\/th>\n<\/tr>\n<tr style=\"height: 486px;\">\n<td style=\"height: 486px; background-color: #f5f5f5; vertical-align: text-top;\">\n<p align=\"center\"><span style=\"color: #008080;\"><strong>2016<\/strong><\/span><\/p>\n<table style=\"height: 626px;\">\n<tbody>\n<tr>\n<td style=\"width: 70px;\"><strong><span style=\"color: #666699;\">N\u00b0<\/span><\/strong><\/td>\n<td><span style=\"color: #666699;\"><strong>Descri\u00e7\u00e3o<\/strong><\/span><\/td>\n<\/tr>\n<tr>\n<td>001<\/td>\n<td><a href=\"..\/..\/wp-content\/uploads\/docs\/atos-normativos\/resolucoes\/2016\/Res001-2016.pdf\" target=\"_blank\" rel=\"noopener\">Constitui a Comiss\u00e3o de Tomada de Contas de 2016.<\/a><\/td>\n<\/tr>\n<tr>\n<td>002<\/td>\n<td><a href=\"..\/..\/wp-content\/uploads\/docs\/atos-normativos\/resolucoes\/2016\/Res002-2016.pdf\" target=\"_blank\" rel=\"noopener\">Disp\u00f5e sobre reajuste do sal\u00e1rio e do ticket refei\u00e7\u00e3o dos funcion\u00e1rios do CORECON\/GO.<\/a><\/td>\n<\/tr>\n<tr>\n<td>003<\/td>\n<td><a href=\"..\/..\/wp-content\/uploads\/docs\/atos-normativos\/resolucoes\/2016\/Res003-2016.pdf\" target=\"_blank\" rel=\"noopener\">Regulamenta a concess\u00e3o do Registro Ativo com Desconto.<\/a><\/td>\n<\/tr>\n<tr>\n<td>003.1<\/td>\n<td><a href=\"..\/..\/wp-content\/uploads\/docs\/atos-normativos\/resolucoes\/2016\/Res003.1-2016.pdf\" target=\"_blank\" rel=\"noopener\">Regulamenta a concess\u00e3o do Registro Remido.<\/a><\/td>\n<\/tr>\n<tr>\n<td>004<\/td>\n<td><a href=\"..\/..\/wp-content\/uploads\/docs\/atos-normativos\/resolucoes\/2016\/Res004-2016.pdf\" target=\"_blank\" rel=\"noopener\">Constitui a Comiss\u00e3o de Fiscaliza\u00e7\u00e3o e Finan\u00e7as.<\/a><\/td>\n<\/tr>\n<tr>\n<td>005<\/td>\n<td><a href=\"..\/..\/wp-content\/uploads\/docs\/atos-normativos\/resolucoes\/2016\/Res005-2016.pdf\" target=\"_blank\" rel=\"noopener\">Constitui a Comiss\u00e3o de Educa\u00e7\u00e3o e Est\u00e1gio.<\/a><\/td>\n<\/tr>\n<tr>\n<td>006<\/td>\n<td><a href=\"..\/..\/wp-content\/uploads\/docs\/atos-normativos\/resolucoes\/2016\/Res006-2016.pdf\" target=\"_blank\" rel=\"noopener\">Constitui a Comiss\u00e3o de Comunica\u00e7\u00e3o e Marketing.<\/a><\/td>\n<\/tr>\n<tr>\n<td>007<\/td>\n<td><a href=\"..\/..\/wp-content\/uploads\/docs\/atos-normativos\/resolucoes\/2016\/Res007-2016.pdf\" target=\"_blank\" rel=\"noopener\">Constitui a Comiss\u00e3o de Normas e Legisla\u00e7\u00e3o.<\/a><\/td>\n<\/tr>\n<tr>\n<td>008<\/td>\n<td><a href=\"..\/..\/wp-content\/uploads\/docs\/atos-normativos\/resolucoes\/2016\/Res008-2016.pdf\" target=\"_blank\" rel=\"noopener\">Constitui a Comiss\u00e3o de Rela\u00e7\u00f5es Profissionais.<\/a><\/td>\n<\/tr>\n<tr>\n<td>009<\/td>\n<td><a href=\"..\/..\/wp-content\/uploads\/docs\/atos-normativos\/resolucoes\/2016\/Res009-2016.pdf\" target=\"_blank\" rel=\"noopener\">Constitui a Comiss\u00e3o de Licita\u00e7\u00e3o.<\/a><\/td>\n<\/tr>\n<tr>\n<td>010<\/td>\n<td><a href=\"..\/..\/wp-content\/uploads\/docs\/atos-normativos\/resolucoes\/2016\/Res010-2016.pdf\" target=\"_blank\" rel=\"noopener\">Aprova Presta\u00e7\u00e3o de Contas do Exerc\u00edcio de 2015.<\/a><\/td>\n<\/tr>\n<tr>\n<td>011<\/td>\n<td><a href=\"..\/..\/wp-content\/uploads\/docs\/atos-normativos\/resolucoes\/2016\/Res011-2016.pdf\" target=\"_blank\" rel=\"noopener\">Disp\u00f5e sobre reajuste do sal\u00e1rio e do ticket refei\u00e7\u00e3o dos funcion\u00e1rios do CORECON\/GO.<\/a><\/td>\n<\/tr>\n<tr>\n<td>012<\/td>\n<td><a href=\"..\/..\/wp-content\/uploads\/docs\/atos-normativos\/resolucoes\/2016\/Res012-2016.pdf\" target=\"_blank\" rel=\"noopener\">Regulamenta do X Pr\u00eamio de Monografia \u201cLeopoldo de Bulh\u00f5es 2016 para premia\u00e7\u00e3o de monografias na \u00e1rea da Ci\u00eancia Econ\u00f4mica e da economia aplicada e regional.<\/a><\/td>\n<\/tr>\n<tr>\n<td>013<\/td>\n<td><a href=\"..\/..\/wp-content\/uploads\/docs\/atos-normativos\/resolucoes\/2016\/Res013-2016.pdf\" target=\"_blank\" rel=\"noopener\">Aprova a Licita\u00e7\u00e3o para contrata\u00e7\u00e3o de assessoria jur\u00eddica.<\/a><\/td>\n<\/tr>\n<tr>\n<td>014<\/td>\n<td><a href=\"..\/..\/wp-content\/uploads\/docs\/atos-normativos\/resolucoes\/2016\/Res014-2016.pdf\" target=\"_blank\" rel=\"noopener\">Institui Comiss\u00e3o Eleitoral de 2016.<\/a><\/td>\n<\/tr>\n<tr>\n<td>015<\/td>\n<td><a href=\"..\/..\/wp-content\/uploads\/docs\/atos-normativos\/resolucoes\/2016\/Res015-2016.pdf\" target=\"_blank\" rel=\"noopener\">Aprova Balancete do 1\u00b0 Trimestre do Exerc\u00edcio de 2016.<\/a><\/td>\n<\/tr>\n<tr>\n<td>016<\/td>\n<td><a href=\"..\/..\/wp-content\/uploads\/docs\/atos-normativos\/resolucoes\/2016\/Res016-2016.pdf\" target=\"_blank\" rel=\"noopener\">Substitui o presidente da Comiss\u00e3o Eleitoral.<\/a><\/td>\n<\/tr>\n<tr>\n<td>017<\/td>\n<td><a href=\"..\/..\/wp-content\/uploads\/docs\/atos-normativos\/resolucoes\/2016\/Res017-2016.pdf\" target=\"_blank\" rel=\"noopener\">Regulamenta\u00e7\u00e3o da elei\u00e7\u00e3o da Diretoria do Corecon Acad\u00eamico.<\/a><\/td>\n<\/tr>\n<tr>\n<td>018<\/td>\n<td><a href=\"..\/..\/wp-content\/uploads\/docs\/atos-normativos\/resolucoes\/2016\/Res018-2016.pdf\" target=\"_blank\" rel=\"noopener\">Regulamenta o protesto de Certid\u00f5es de D\u00edvida Ativa no \u00e2mbito do Conselho Regional de Economia da 18a Regi\u00e3o.<\/a><\/td>\n<\/tr>\n<tr>\n<td>019<\/td>\n<td><a href=\"..\/..\/wp-content\/uploads\/docs\/atos-normativos\/resolucoes\/2016\/Res019-2016.pdf\" target=\"_blank\" rel=\"noopener\">Fixa os valores das anuidades, emolumentos e multas para o exerc\u00edcio de 2017.<\/a><\/td>\n<\/tr>\n<tr>\n<td>020<\/td>\n<td><a href=\"..\/..\/wp-content\/uploads\/docs\/atos-normativos\/resolucoes\/2016\/Res0120-2016.pdf\" target=\"_blank\" rel=\"noopener\">Aprova o balancete do 2\u00b0 trimestre de 2016.<\/a><\/td>\n<\/tr>\n<tr>\n<td>021<\/td>\n<td><a href=\"..\/..\/wp-content\/uploads\/docs\/atos-normativos\/resolucoes\/2016\/Res021-2016.pdf\" target=\"_blank\" rel=\"noopener\">Aprova o balancete do 3\u00b0 trimestre de 2016.<\/a><\/td>\n<\/tr>\n<tr>\n<td>022<\/td>\n<td><a href=\"..\/..\/wp-content\/uploads\/docs\/atos-normativos\/resolucoes\/2016\/Res022-2016.pdf\" target=\"_blank\" rel=\"noopener\">Aprova a Proposta or\u00e7ament\u00e1ria do exerc\u00edcio de 2017.<\/a><\/td>\n<\/tr>\n<\/tbody>\n<\/table>\n<\/td>\n<\/tr>\n<\/tbody>\n<\/table>\n","protected":false},"excerpt":{"rendered":"<p>&nbsp; RESOLU\u00c7\u00d5ES 2016 N\u00b0 Descri\u00e7\u00e3o 001 Constitui a Comiss\u00e3o de Tomada de Contas de 2016. 002 Disp\u00f5e sobre reajuste do sal\u00e1rio e do ticket refei\u00e7\u00e3o dos funcion\u00e1rios do CORECON\/GO. 003 Regulamenta a concess\u00e3o do Registro Ativo com Desconto. 003.1 Regulamenta a concess\u00e3o do Registro Remido. 004 Constitui a Comiss\u00e3o de Fiscaliza\u00e7\u00e3o e Finan\u00e7as. 005 Constitui &hellip; <a href=\"https:\/\/corecongo.gov.br\/transparencia\/atos-normativos\/resolucoes-2016\/\" class=\"more-link\">Continue reading <span class=\"screen-reader-text\">Resolu\u00e7\u00f5es 2016<\/span><\/a><\/p>\n","protected":false},"author":5,"featured_media":0,"parent":40,"menu_order":0,"comment_status":"closed","ping_status":"closed","template":"","meta":{"footnotes":""},"class_list":["post-94","page","type-page","status-publish","hentry"],"_links":{"self":[{"href":"https:\/\/corecongo.gov.br\/transparencia\/wp-json\/wp\/v2\/pages\/94","targetHints":{"allow":["GET"]}}],"collection":[{"href":"https:\/\/corecongo.gov.br\/transparencia\/wp-json\/wp\/v2\/pages"}],"about":[{"href":"https:\/\/corecongo.gov.br\/transparencia\/wp-json\/wp\/v2\/types\/page"}],"author":[{"embeddable":true,"href":"https:\/\/corecongo.gov.br\/transparencia\/wp-json\/wp\/v2\/users\/5"}],"replies":[{"embeddable":true,"href":"https:\/\/corecongo.gov.br\/transparencia\/wp-json\/wp\/v2\/comments?post=94"}],"version-history":[{"count":8,"href":"https:\/\/corecongo.gov.br\/transparencia\/wp-json\/wp\/v2\/pages\/94\/revisions"}],"predecessor-version":[{"id":127,"href":"https:\/\/corecongo.gov.br\/transparencia\/wp-json\/wp\/v2\/pages\/94\/revisions\/127"}],"up":[{"embeddable":true,"href":"https:\/\/corecongo.gov.br\/transparencia\/wp-json\/wp\/v2\/pages\/40"}],"wp:attachment":[{"href":"https:\/\/corecongo.gov.br\/transparencia\/wp-json\/wp\/v2\/media?parent=94"}],"curies":[{"name":"wp","href":"https:\/\/api.w.org\/{rel}","templated":true}]}}