{"id":690,"date":"2025-03-29T10:36:22","date_gmt":"2025-03-29T13:36:22","guid":{"rendered":"https:\/\/corecongo.gov.br\/transparencia\/?page_id=690"},"modified":"2025-03-29T10:36:22","modified_gmt":"2025-03-29T13:36:22","slug":"resolucoes-2025","status":"publish","type":"page","link":"https:\/\/corecongo.gov.br\/transparencia\/atos-normativos\/resolucoes-2025\/","title":{"rendered":"Resolu\u00e7\u00f5es 2025"},"content":{"rendered":"<table style=\"width: 663px; height: 848px;\" border=\"0\" align=\"center\">\n<tbody>\n<tr style=\"height: 70px;\">\n<th style=\"background-color: #333399; color: #ffffff; height: 70px; text-align: center;\">\n<p align=\"center\"><strong>RESOLU\u00c7\u00d5ES<\/strong><\/p>\n<\/th>\n<\/tr>\n<tr style=\"height: 486px;\">\n<td style=\"height: 486px; background-color: #f5f5f5; vertical-align: text-top;\">\n<p align=\"center\"><span style=\"color: #008080;\"><strong>2025<\/strong><\/span><\/p>\n<table style=\"height: 626px;\">\n<tbody>\n<tr>\n<td style=\"width: 70px;\"><strong><span style=\"color: #666699;\">N\u00b0<\/span><\/strong><\/td>\n<td><span style=\"color: #666699;\"><strong>Descri\u00e7\u00e3o<\/strong><\/span><\/td>\n<\/tr>\n<tr>\n<td>001<\/td>\n<td><a href=\"..\/..\/wp-content\/uploads\/docs\/atos-normativos\/resolucoes\/2024\/1.pdf\" target=\"_blank\" rel=\"noopener noreferrer\">Comiss\u00e3o de Tomada de Contas.<\/a><\/td>\n<\/tr>\n<tr>\n<td>002<\/td>\n<td><a href=\"..\/..\/wp-content\/uploads\/docs\/atos-normativos\/resolucoes\/2024\/2.pdf\" target=\"_blank\" rel=\"noopener noreferrer\">Comiss\u00e3o de Licita\u00e7\u00e3o.<\/a><\/td>\n<\/tr>\n<tr>\n<td>003<\/td>\n<td><a href=\"..\/..\/wp-content\/uploads\/docs\/atos-normativos\/resolucoes\/2024\/3.pdf\" target=\"_blank\" rel=\"noopener noreferrer\">Presta\u00e7\u00e3o de Contas de 2024.<\/a><\/td>\n<\/tr>\n<\/tbody>\n<\/table>\n<\/td>\n<\/tr>\n<\/tbody>\n<\/table>\n","protected":false},"excerpt":{"rendered":"<p>RESOLU\u00c7\u00d5ES 2025 N\u00b0 Descri\u00e7\u00e3o 001 Comiss\u00e3o de Tomada de Contas. 002 Comiss\u00e3o de Licita\u00e7\u00e3o. 003 Presta\u00e7\u00e3o de Contas de 2024.<\/p>\n","protected":false},"author":2,"featured_media":0,"parent":40,"menu_order":0,"comment_status":"closed","ping_status":"closed","template":"","meta":{"footnotes":""},"class_list":["post-690","page","type-page","status-publish","hentry"],"_links":{"self":[{"href":"https:\/\/corecongo.gov.br\/transparencia\/wp-json\/wp\/v2\/pages\/690","targetHints":{"allow":["GET"]}}],"collection":[{"href":"https:\/\/corecongo.gov.br\/transparencia\/wp-json\/wp\/v2\/pages"}],"about":[{"href":"https:\/\/corecongo.gov.br\/transparencia\/wp-json\/wp\/v2\/types\/page"}],"author":[{"embeddable":true,"href":"https:\/\/corecongo.gov.br\/transparencia\/wp-json\/wp\/v2\/users\/2"}],"replies":[{"embeddable":true,"href":"https:\/\/corecongo.gov.br\/transparencia\/wp-json\/wp\/v2\/comments?post=690"}],"version-history":[{"count":1,"href":"https:\/\/corecongo.gov.br\/transparencia\/wp-json\/wp\/v2\/pages\/690\/revisions"}],"predecessor-version":[{"id":691,"href":"https:\/\/corecongo.gov.br\/transparencia\/wp-json\/wp\/v2\/pages\/690\/revisions\/691"}],"up":[{"embeddable":true,"href":"https:\/\/corecongo.gov.br\/transparencia\/wp-json\/wp\/v2\/pages\/40"}],"wp:attachment":[{"href":"https:\/\/corecongo.gov.br\/transparencia\/wp-json\/wp\/v2\/media?parent=690"}],"curies":[{"name":"wp","href":"https:\/\/api.w.org\/{rel}","templated":true}]}}