{"id":68,"date":"2019-01-24T20:53:43","date_gmt":"2019-01-24T22:53:43","guid":{"rendered":"http:\/\/corecongo.gov.br\/transparencia\/?page_id=68"},"modified":"2025-03-04T22:51:10","modified_gmt":"2025-03-05T01:51:10","slug":"resolucoes-2017","status":"publish","type":"page","link":"https:\/\/corecongo.gov.br\/transparencia\/atos-normativos\/resolucoes-2017\/","title":{"rendered":"Resolu\u00e7\u00f5es 2017"},"content":{"rendered":"<p>&nbsp;<\/p>\n<table style=\"width: 100%;\" border=\"0\" align=\"center\">\n<tbody>\n<tr style=\"height: 70px;\">\n<th style=\"background-color: #333399; color: #ffffff; height: 70px; text-align: center;\">\n<p align=\"center\"><strong>RESOLU\u00c7\u00d5ES<\/strong><\/p>\n<\/th>\n<\/tr>\n<tr style=\"height: 486px;\">\n<td style=\"height: 486px; background-color: #f5f5f5; vertical-align: text-top;\">\n<p align=\"center\"><span style=\"color: #008080;\"><strong>2017<\/strong><\/span><\/p>\n<table style=\"height: 626px;\">\n<tbody>\n<tr>\n<td style=\"width: 70px;\"><strong><span style=\"color: #666699;\">N\u00b0<\/span><\/strong><\/td>\n<td><span style=\"color: #666699;\"><strong>Descri\u00e7\u00e3o<\/strong><\/span><\/td>\n<\/tr>\n<tr>\n<td>001<\/td>\n<td><a href=\"..\/..\/wp-content\/uploads\/docs\/atos-normativos\/resolucoes\/2017\/Res001-2017.pdf\" target=\"_blank\" rel=\"noopener\">Constitui a Comiss\u00e3o de Tomada de Contas de 2017.<\/a><\/td>\n<\/tr>\n<tr>\n<td>002<\/td>\n<td><a href=\"..\/..\/wp-content\/uploads\/docs\/atos-normativos\/resolucoes\/2017\/Res002-2017.pdf\" target=\"_blank\" rel=\"noopener\">Constitui a Comiss\u00e3o do Corecon Jovem 2017.<\/a><\/td>\n<\/tr>\n<tr>\n<td>003<\/td>\n<td><a href=\"..\/..\/wp-content\/uploads\/docs\/atos-normativos\/resolucoes\/2017\/Res003-2017.pdf\" target=\"_blank\" rel=\"noopener\">Designa comiss\u00e3o de per\u00edcia.<\/a><\/td>\n<\/tr>\n<tr>\n<td>004<\/td>\n<td><a href=\"..\/..\/wp-content\/uploads\/docs\/atos-normativos\/resolucoes\/2017\/Res004-2017.pdf\" target=\"_blank\" rel=\"noopener\">Constitui a Comiss\u00e3o de Licita\u00e7\u00e3o.<\/a><\/td>\n<\/tr>\n<tr>\n<td>005<\/td>\n<td><a href=\"..\/..\/wp-content\/uploads\/docs\/atos-normativos\/resolucoes\/2017\/Res005-2017.pdf\" target=\"_blank\" rel=\"noopener\">Constitui a Comiss\u00e3o de Fiscaliza\u00e7\u00e3o e Finan\u00e7as.<\/a><\/td>\n<\/tr>\n<tr>\n<td>006<\/td>\n<td><a href=\"..\/..\/wp-content\/uploads\/docs\/atos-normativos\/resolucoes\/2017\/Res006-2017.pdf\" target=\"_blank\" rel=\"noopener\">Constitui a Comiss\u00e3o de Rela\u00e7\u00f5es Profissionais.<\/a><\/td>\n<\/tr>\n<tr>\n<td>007<\/td>\n<td><a href=\"..\/..\/wp-content\/uploads\/docs\/atos-normativos\/resolucoes\/2017\/Res007-2017.pdf\" target=\"_blank\" rel=\"noopener\">Constitui a Comiss\u00e3o de Educa\u00e7\u00e3o e Est\u00e1gio.<\/a><\/td>\n<\/tr>\n<tr>\n<td>008<\/td>\n<td><a href=\"..\/..\/wp-content\/uploads\/docs\/atos-normativos\/resolucoes\/2017\/Res008-2017.pdf\" target=\"_blank\" rel=\"noopener\">Constitui a Comiss\u00e3o de Comunica\u00e7\u00e3o e Marketing.<\/a><\/td>\n<\/tr>\n<tr>\n<td>009<\/td>\n<td><a href=\"..\/..\/wp-content\/uploads\/docs\/atos-normativos\/resolucoes\/2017\/Res009-2017.pdf\" target=\"_blank\" rel=\"noopener\">Define os requisitos e instru\u00e7\u00f5es para obten\u00e7\u00e3o de registro, carteira de perito economista, e comprova\u00e7\u00e3o da capacita\u00e7\u00e3o t\u00e9cnica para o cadastro Nacional de Peritos em Economia e Finan\u00e7as.<\/a><\/td>\n<\/tr>\n<tr>\n<td>010<\/td>\n<td><a href=\"..\/..\/wp-content\/uploads\/docs\/atos-normativos\/resolucoes\/2017\/Res010-2017.pdf\" target=\"_blank\" rel=\"noopener\">Aprova Presta\u00e7\u00e3o de Contas do Exerc\u00edcio de 2016.<\/a><\/td>\n<\/tr>\n<tr>\n<td>011<\/td>\n<td><a href=\"..\/..\/wp-content\/uploads\/docs\/atos-normativos\/resolucoes\/2017\/Res011-2017.pdf\" target=\"_blank\" rel=\"noopener\">Regulamenta do XI Pr\u00eamio de Monografia \u201cLeopoldo de Bulh\u00f5es&#8221; 2017.<\/a><\/td>\n<\/tr>\n<tr>\n<td>012<\/td>\n<td><a href=\"..\/..\/wp-content\/uploads\/docs\/atos-normativos\/resolucoes\/2017\/Res012-2017.pdf\" target=\"_blank\" rel=\"noopener\">Disp\u00f5e sobre reajuste do sal\u00e1rio e do ticket refei\u00e7\u00e3o dos funcion\u00e1rios do CORECON\/GO.<\/a><\/td>\n<\/tr>\n<tr>\n<td>013<\/td>\n<td><a href=\"..\/..\/wp-content\/uploads\/docs\/atos-normativos\/resolucoes\/2017\/Res013-2017.pdf\" target=\"_blank\" rel=\"noopener\">Aprova Balancete do 1\u00b0 Trimestre do Exerc\u00edcio de 2017.<\/a><\/td>\n<\/tr>\n<tr>\n<td>014<\/td>\n<td><a href=\"..\/..\/wp-content\/uploads\/docs\/atos-normativos\/resolucoes\/2017\/Res014-2017.pdf\" target=\"_blank\" rel=\"noopener\">Institui Comiss\u00e3o Eleitoral de 2017.<\/a><\/td>\n<\/tr>\n<tr>\n<td>015<\/td>\n<td><a href=\"..\/..\/wp-content\/uploads\/docs\/atos-normativos\/resolucoes\/2017\/Res015-2017.pdf\" target=\"_blank\" rel=\"noopener\">Aprova Balancete do 2\u00b0 Trimestre do Exerc\u00edcio de 2017.<\/a><\/td>\n<\/tr>\n<tr>\n<td>016<\/td>\n<td><a href=\"..\/..\/wp-content\/uploads\/docs\/atos-normativos\/resolucoes\/2017\/Res016-2017.pdf\" target=\"_blank\" rel=\"noopener\">Fixa os valores das anuidades, taxas e multas para o Exerc\u00edcio de 2018.<\/a><\/td>\n<\/tr>\n<\/tbody>\n<\/table>\n<\/td>\n<\/tr>\n<\/tbody>\n<\/table>\n","protected":false},"excerpt":{"rendered":"<p>&nbsp; RESOLU\u00c7\u00d5ES 2017 N\u00b0 Descri\u00e7\u00e3o 001 Constitui a Comiss\u00e3o de Tomada de Contas de 2017. 002 Constitui a Comiss\u00e3o do Corecon Jovem 2017. 003 Designa comiss\u00e3o de per\u00edcia. 004 Constitui a Comiss\u00e3o de Licita\u00e7\u00e3o. 005 Constitui a Comiss\u00e3o de Fiscaliza\u00e7\u00e3o e Finan\u00e7as. 006 Constitui a Comiss\u00e3o de Rela\u00e7\u00f5es Profissionais. 007 Constitui a Comiss\u00e3o de Educa\u00e7\u00e3o &hellip; <a href=\"https:\/\/corecongo.gov.br\/transparencia\/atos-normativos\/resolucoes-2017\/\" class=\"more-link\">Continue reading <span class=\"screen-reader-text\">Resolu\u00e7\u00f5es 2017<\/span><\/a><\/p>\n","protected":false},"author":2,"featured_media":0,"parent":40,"menu_order":0,"comment_status":"closed","ping_status":"closed","template":"","meta":{"footnotes":""},"class_list":["post-68","page","type-page","status-publish","hentry"],"_links":{"self":[{"href":"https:\/\/corecongo.gov.br\/transparencia\/wp-json\/wp\/v2\/pages\/68","targetHints":{"allow":["GET"]}}],"collection":[{"href":"https:\/\/corecongo.gov.br\/transparencia\/wp-json\/wp\/v2\/pages"}],"about":[{"href":"https:\/\/corecongo.gov.br\/transparencia\/wp-json\/wp\/v2\/types\/page"}],"author":[{"embeddable":true,"href":"https:\/\/corecongo.gov.br\/transparencia\/wp-json\/wp\/v2\/users\/2"}],"replies":[{"embeddable":true,"href":"https:\/\/corecongo.gov.br\/transparencia\/wp-json\/wp\/v2\/comments?post=68"}],"version-history":[{"count":1,"href":"https:\/\/corecongo.gov.br\/transparencia\/wp-json\/wp\/v2\/pages\/68\/revisions"}],"predecessor-version":[{"id":69,"href":"https:\/\/corecongo.gov.br\/transparencia\/wp-json\/wp\/v2\/pages\/68\/revisions\/69"}],"up":[{"embeddable":true,"href":"https:\/\/corecongo.gov.br\/transparencia\/wp-json\/wp\/v2\/pages\/40"}],"wp:attachment":[{"href":"https:\/\/corecongo.gov.br\/transparencia\/wp-json\/wp\/v2\/media?parent=68"}],"curies":[{"name":"wp","href":"https:\/\/api.w.org\/{rel}","templated":true}]}}