{"id":63,"date":"2019-01-24T20:24:33","date_gmt":"2019-01-24T22:24:33","guid":{"rendered":"http:\/\/corecongo.gov.br\/transparencia\/?page_id=63"},"modified":"2025-03-04T22:51:10","modified_gmt":"2025-03-05T01:51:10","slug":"resolucoes-2018","status":"publish","type":"page","link":"https:\/\/corecongo.gov.br\/transparencia\/atos-normativos\/resolucoes-2018\/","title":{"rendered":"Resolu\u00e7\u00f5es 2018"},"content":{"rendered":"<p>&nbsp;<\/p>\n<table style=\"width: 663px; height: 848px;\" border=\"0\" align=\"center\">\n<tbody>\n<tr style=\"height: 70px;\">\n<th style=\"background-color: #333399; color: #ffffff; height: 70px; text-align: center;\">\n<p align=\"center\"><strong>RESOLU\u00c7\u00d5ES<\/strong><\/p>\n<\/th>\n<\/tr>\n<tr style=\"height: 486px;\">\n<td style=\"height: 486px; background-color: #f5f5f5; vertical-align: text-top;\">\n<p align=\"center\"><span style=\"color: #008080;\"><strong>2018<\/strong><\/span><\/p>\n<table style=\"height: 626px;\">\n<tbody>\n<tr>\n<td style=\"width: 70px;\"><strong><span style=\"color: #666699;\">N\u00b0<\/span><\/strong><\/td>\n<td><span style=\"color: #666699;\"><strong>Descri\u00e7\u00e3o<\/strong><\/span><\/td>\n<\/tr>\n<tr>\n<td>001<\/td>\n<td><a href=\"..\/..\/wp-content\/uploads\/docs\/atos-normativos\/resolucoes\/2018\/Res001-2018.pdf\" target=\"_blank\" rel=\"noopener noreferrer\">Constitui a Comiss\u00e3o de Tomada de Contas de 2018.<\/a><\/td>\n<\/tr>\n<tr>\n<td>002<\/td>\n<td><a href=\"..\/..\/wp-content\/uploads\/docs\/atos-normativos\/resolucoes\/2018\/Res002-2018.pdf\" target=\"_blank\" rel=\"noopener noreferrer\">Aprova Balancete do 3\u00b0 Trimestre do Exerc\u00edcio de 2017.<\/a><\/td>\n<\/tr>\n<tr>\n<td>003<\/td>\n<td><a href=\"..\/..\/wp-content\/uploads\/docs\/atos-normativos\/resolucoes\/2018\/Res003-2018.pdf\" target=\"_blank\" rel=\"noopener noreferrer\">Aprova Proposta Or\u00e7ament\u00e1ria do Exerc\u00edcio de 2018.<\/a><\/td>\n<\/tr>\n<tr>\n<td>004<\/td>\n<td><a href=\"..\/..\/wp-content\/uploads\/docs\/atos-normativos\/resolucoes\/2018\/Res004-2018.pdf\" target=\"_blank\" rel=\"noopener noreferrer\">Constitui a Comiss\u00e3o de Licita\u00e7\u00e3o.<\/a><\/td>\n<\/tr>\n<tr>\n<td>005<\/td>\n<td><a href=\"..\/..\/wp-content\/uploads\/docs\/atos-normativos\/resolucoes\/2018\/Res005-2018.pdf\" target=\"_blank\" rel=\"noopener noreferrer\">Regulamenta do XII Pr\u00eamio de Monografia \u201cLeopoldo de Bulh\u00f5es 2018.<\/a><\/td>\n<\/tr>\n<tr>\n<td>006<\/td>\n<td><a href=\"..\/..\/wp-content\/uploads\/docs\/atos-normativos\/resolucoes\/2018\/Res006-2018.pdf\" target=\"_blank\" rel=\"noopener noreferrer\">Indica cargo de Conselheiro do CAT \u2013 Conselho Administrativo Tribut\u00e1rio da SEFAZ\/GO e o de Vogal da JUCEG \u2013 Junta Comercial do Estado de Goi\u00e1s.<\/a><\/td>\n<\/tr>\n<tr>\n<td>007<\/td>\n<td><a href=\"..\/..\/wp-content\/uploads\/docs\/atos-normativos\/resolucoes\/2018\/Res007-2018.pdf\" target=\"_blank\" rel=\"noopener noreferrer\">Aprova Presta\u00e7\u00e3o de Contas do Exerc\u00edcio de 2017.<\/a><\/td>\n<\/tr>\n<tr>\n<td>008<\/td>\n<td><a href=\"..\/..\/wp-content\/uploads\/docs\/atos-normativos\/resolucoes\/2018\/Res008-2018.pdf\" target=\"_blank\" rel=\"noopener noreferrer\">Designa Comiss\u00e3o Eleitoral de 2018.<\/a><\/td>\n<\/tr>\n<tr>\n<td>009<\/td>\n<td><a href=\"..\/..\/wp-content\/uploads\/docs\/atos-normativos\/resolucoes\/2018\/Res009-2018.pdf\" target=\"_blank\" rel=\"noopener noreferrer\">Aprova Balancete do 1\u00b0 Trimestre do Exerc\u00edcio de 2018.<\/a><\/td>\n<\/tr>\n<tr>\n<td>010<\/td>\n<td><a href=\"..\/..\/wp-content\/uploads\/docs\/atos-normativos\/resolucoes\/2018\/Res010-2018.pdf\" target=\"_blank\" rel=\"noopener noreferrer\">Disp\u00f5e sobre isen\u00e7\u00e3o da primeira anuidade de pessoa f\u00edsica.<\/a><\/td>\n<\/tr>\n<tr>\n<td>011<\/td>\n<td><a href=\"..\/..\/wp-content\/uploads\/docs\/atos-normativos\/resolucoes\/2018\/Res011-2018.pdf\" target=\"_blank\" rel=\"noopener noreferrer\">Disp\u00f5e sobre reajuste do sal\u00e1rio e do ticket refei\u00e7\u00e3o dos funcion\u00e1rios do CORECON\/GO.<\/a><\/td>\n<\/tr>\n<tr>\n<td>012<\/td>\n<td><a href=\"..\/..\/wp-content\/uploads\/docs\/atos-normativos\/resolucoes\/2018\/Res012-2018.pdf\" target=\"_blank\" rel=\"noopener noreferrer\">Fixa os valores das anuidades, emolumentos e taxas para o exerc\u00edcio de 2019.<\/a><\/td>\n<\/tr>\n<tr>\n<td>013<\/td>\n<td><a href=\"..\/..\/wp-content\/uploads\/docs\/atos-normativos\/resolucoes\/2018\/Res011-2018.pdf\" target=\"_blank\" rel=\"noopener noreferrer\">Disp\u00f5e sobre reajuste do sal\u00e1rio e do ticket refei\u00e7\u00e3o dos funcion\u00e1rios do CORECON\/GO.<\/a><\/td>\n<\/tr>\n<tr>\n<td>014<\/td>\n<td><a href=\"http:\/\/corecongo.gov.br\/transparencia\/wp-content\/uploads\/2020\/09\/Resolucao-014-2018.-Balancete.pdf\">Resolu\u00e7\u00e3o 014-2018. Balancete<\/a><\/td>\n<\/tr>\n<tr>\n<td>015<\/td>\n<td><a href=\"http:\/\/corecongo.gov.br\/transparencia\/wp-content\/uploads\/2020\/09\/Resolucao-015-2018.-Orcamento.pdf\">Resolu\u00e7\u00e3o 015-2018. Or\u00e7amento<\/a><\/td>\n<\/tr>\n<\/tbody>\n<\/table>\n<\/td>\n<\/tr>\n<\/tbody>\n<\/table>\n","protected":false},"excerpt":{"rendered":"<p>&nbsp; RESOLU\u00c7\u00d5ES 2018 N\u00b0 Descri\u00e7\u00e3o 001 Constitui a Comiss\u00e3o de Tomada de Contas de 2018. 002 Aprova Balancete do 3\u00b0 Trimestre do Exerc\u00edcio de 2017. 003 Aprova Proposta Or\u00e7ament\u00e1ria do Exerc\u00edcio de 2018. 004 Constitui a Comiss\u00e3o de Licita\u00e7\u00e3o. 005 Regulamenta do XII Pr\u00eamio de Monografia \u201cLeopoldo de Bulh\u00f5es 2018. 006 Indica cargo de Conselheiro &hellip; <a href=\"https:\/\/corecongo.gov.br\/transparencia\/atos-normativos\/resolucoes-2018\/\" class=\"more-link\">Continue reading <span class=\"screen-reader-text\">Resolu\u00e7\u00f5es 2018<\/span><\/a><\/p>\n","protected":false},"author":2,"featured_media":0,"parent":40,"menu_order":0,"comment_status":"closed","ping_status":"closed","template":"","meta":{"footnotes":""},"class_list":["post-63","page","type-page","status-publish","hentry"],"_links":{"self":[{"href":"https:\/\/corecongo.gov.br\/transparencia\/wp-json\/wp\/v2\/pages\/63","targetHints":{"allow":["GET"]}}],"collection":[{"href":"https:\/\/corecongo.gov.br\/transparencia\/wp-json\/wp\/v2\/pages"}],"about":[{"href":"https:\/\/corecongo.gov.br\/transparencia\/wp-json\/wp\/v2\/types\/page"}],"author":[{"embeddable":true,"href":"https:\/\/corecongo.gov.br\/transparencia\/wp-json\/wp\/v2\/users\/2"}],"replies":[{"embeddable":true,"href":"https:\/\/corecongo.gov.br\/transparencia\/wp-json\/wp\/v2\/comments?post=63"}],"version-history":[{"count":5,"href":"https:\/\/corecongo.gov.br\/transparencia\/wp-json\/wp\/v2\/pages\/63\/revisions"}],"predecessor-version":[{"id":334,"href":"https:\/\/corecongo.gov.br\/transparencia\/wp-json\/wp\/v2\/pages\/63\/revisions\/334"}],"up":[{"embeddable":true,"href":"https:\/\/corecongo.gov.br\/transparencia\/wp-json\/wp\/v2\/pages\/40"}],"wp:attachment":[{"href":"https:\/\/corecongo.gov.br\/transparencia\/wp-json\/wp\/v2\/media?parent=63"}],"curies":[{"name":"wp","href":"https:\/\/api.w.org\/{rel}","templated":true}]}}