{"id":629,"date":"2023-09-11T20:52:46","date_gmt":"2023-09-11T23:52:46","guid":{"rendered":"https:\/\/corecongo.gov.br\/transparencia\/?page_id=629"},"modified":"2025-03-29T09:50:46","modified_gmt":"2025-03-29T12:50:46","slug":"portarias-2023","status":"publish","type":"page","link":"https:\/\/corecongo.gov.br\/transparencia\/atos-normativos\/portarias-2023\/","title":{"rendered":"Portarias 2023"},"content":{"rendered":"<table style=\"width: 677px; height: 599px;\" border=\"0\" align=\"center\">\n<tbody>\n<tr style=\"height: 70px;\">\n<th style=\"background-color: #333399; color: #ffffff; height: 70px; text-align: center;\">\n<p align=\"center\">\n<\/th>\n<\/tr>\n<tr style=\"height: 486px;\">\n<td style=\"height: 486px; background-color: #f5f5f5; vertical-align: text-top;\">\n<p align=\"center\"><span style=\"color: #008080;\"><strong>2023<\/strong><\/span><\/p>\n<table style=\"height: 253px;\" width=\"893\">\n<tbody>\n<tr>\n<td style=\"width: 70px;\"><strong><span style=\"color: #666699;\">N\u00b0<\/span><\/strong><\/td>\n<td><span style=\"color: #666699;\"><strong>Descri\u00e7\u00e3o<\/strong><\/span><\/td>\n<\/tr>\n<tr>\n<td>001<\/td>\n<td><a href=\"..\/..\/wp-content\/uploads\/docs\/atos-normativos\/portarias\/2023\/1.pdf\" target=\"_blank\" rel=\"noopener noreferrer\">Comiss\u00e3o monografia.<\/a><\/td>\n<\/tr>\n<tr>\n<td>002<\/td>\n<td><a href=\"..\/..\/wp-content\/uploads\/docs\/atos-normativos\/portarias\/2023\/2.pdf\" target=\"_blank\" rel=\"noopener noreferrer\">Designa agentes contrata\u00e7\u00e3o e equipe de apoio.<\/a><\/td>\n<\/tr>\n<tr>\n<td>003<\/td>\n<td><a href=\"..\/..\/wp-content\/uploads\/docs\/atos-normativos\/portarias\/2023\/3.pdf\" target=\"_blank\" rel=\"noopener noreferrer\">Concess\u00e3o de gratifica\u00e7\u00e3o.<\/a><\/td>\n<\/tr>\n<tr>\n<td>004<\/td>\n<td><a href=\"..\/..\/wp-content\/uploads\/docs\/atos-normativos\/portarias\/2023\/4.pdf\" target=\"_blank\" rel=\"noopener noreferrer\">Comiss\u00e3o gincana.<\/a><\/td>\n<\/tr>\n<\/tbody>\n<\/table>\n<\/td>\n<\/tr>\n<\/tbody>\n<\/table>\n","protected":false},"excerpt":{"rendered":"<p>2023 N\u00b0 Descri\u00e7\u00e3o 001 Comiss\u00e3o monografia. 002 Designa agentes contrata\u00e7\u00e3o e equipe de apoio. 003 Concess\u00e3o de gratifica\u00e7\u00e3o. 004 Comiss\u00e3o gincana.<\/p>\n","protected":false},"author":2,"featured_media":0,"parent":40,"menu_order":0,"comment_status":"closed","ping_status":"closed","template":"","meta":{"footnotes":""},"class_list":["post-629","page","type-page","status-publish","hentry"],"_links":{"self":[{"href":"https:\/\/corecongo.gov.br\/transparencia\/wp-json\/wp\/v2\/pages\/629","targetHints":{"allow":["GET"]}}],"collection":[{"href":"https:\/\/corecongo.gov.br\/transparencia\/wp-json\/wp\/v2\/pages"}],"about":[{"href":"https:\/\/corecongo.gov.br\/transparencia\/wp-json\/wp\/v2\/types\/page"}],"author":[{"embeddable":true,"href":"https:\/\/corecongo.gov.br\/transparencia\/wp-json\/wp\/v2\/users\/2"}],"replies":[{"embeddable":true,"href":"https:\/\/corecongo.gov.br\/transparencia\/wp-json\/wp\/v2\/comments?post=629"}],"version-history":[{"count":2,"href":"https:\/\/corecongo.gov.br\/transparencia\/wp-json\/wp\/v2\/pages\/629\/revisions"}],"predecessor-version":[{"id":676,"href":"https:\/\/corecongo.gov.br\/transparencia\/wp-json\/wp\/v2\/pages\/629\/revisions\/676"}],"up":[{"embeddable":true,"href":"https:\/\/corecongo.gov.br\/transparencia\/wp-json\/wp\/v2\/pages\/40"}],"wp:attachment":[{"href":"https:\/\/corecongo.gov.br\/transparencia\/wp-json\/wp\/v2\/media?parent=629"}],"curies":[{"name":"wp","href":"https:\/\/api.w.org\/{rel}","templated":true}]}}