{"id":473,"date":"2022-02-10T16:10:42","date_gmt":"2022-02-10T19:10:42","guid":{"rendered":"https:\/\/corecongo.gov.br\/transparencia\/?page_id=473"},"modified":"2025-03-29T10:11:55","modified_gmt":"2025-03-29T13:11:55","slug":"resolucoes-2022","status":"publish","type":"page","link":"https:\/\/corecongo.gov.br\/transparencia\/atos-normativos\/resolucoes-2022\/","title":{"rendered":"Resolu\u00e7\u00f5es 2022"},"content":{"rendered":"<table style=\"width: 663px; height: 848px;\" border=\"0\" align=\"center\">\n<tbody>\n<tr style=\"height: 70px;\">\n<th style=\"background-color: #333399; color: #ffffff; height: 70px; text-align: center;\">\n<p align=\"center\"><strong>RESOLU\u00c7\u00d5ES<\/strong><\/p>\n<\/th>\n<\/tr>\n<tr style=\"height: 486px;\">\n<td style=\"height: 486px; background-color: #f5f5f5; vertical-align: text-top;\">\n<p align=\"center\"><span style=\"color: #008080;\"><strong>2022<\/strong><\/span><\/p>\n<table style=\"height: 626px;\">\n<tbody>\n<tr>\n<td style=\"width: 70px;\"><strong><span style=\"color: #666699;\">N\u00b0<\/span><\/strong><\/td>\n<td><span style=\"color: #666699;\"><strong>Descri\u00e7\u00e3o<\/strong><\/span><\/td>\n<\/tr>\n<tr>\n<td>001<\/td>\n<td><a href=\"..\/..\/wp-content\/uploads\/docs\/atos-normativos\/resolucoes\/2022\/1.pdf\">Resoluc\u0327a\u0303o 001-2022. C.T<\/a><\/td>\n<\/tr>\n<tr>\n<td>002<\/td>\n<td><a href=\"..\/..\/wp-content\/uploads\/docs\/atos-normativos\/resolucoes\/2022\/2.pdf\" target=\"_blank\" rel=\"noopener noreferrer\">Cart\u00e3o de Cr\u00e9dito.<\/a><\/td>\n<\/tr>\n<tr>\n<td>003<\/td>\n<td><a href=\"..\/..\/wp-content\/uploads\/docs\/atos-normativos\/resolucoes\/2022\/3.pdf\" target=\"_blank\" rel=\"noopener noreferrer\">Prorroga\u00e7\u00e3o Recr\u00e9dito.<\/a><\/td>\n<\/tr>\n<tr>\n<td>004<\/td>\n<td><a href=\"..\/..\/wp-content\/uploads\/docs\/atos-normativos\/resolucoes\/2022\/4.pdf\" target=\"_blank\" rel=\"noopener noreferrer\">Balancete do 3\u00ba Trimestre de 2021.<\/a><\/td>\n<\/tr>\n<tr>\n<td>005<\/td>\n<td><a href=\"..\/..\/wp-content\/uploads\/docs\/atos-normativos\/resolucoes\/2022\/5.pdf\" target=\"_blank\" rel=\"noopener noreferrer\">Presta\u00e7\u00e3o de Contas de 2021.<\/a><\/td>\n<\/tr>\n<tr>\n<td>006<\/td>\n<td><a href=\"..\/..\/wp-content\/uploads\/docs\/atos-normativos\/resolucoes\/2022\/6.pdf\" target=\"_blank\" rel=\"noopener noreferrer\">Comiss\u00e3o Eleitoral.<\/a><\/td>\n<\/tr>\n<tr>\n<td>007<\/td>\n<td><a href=\"..\/..\/wp-content\/uploads\/docs\/atos-normativos\/resolucoes\/2022\/7.pdf\" target=\"_blank\" rel=\"noopener noreferrer\">Balancete do 1\u00ba Trimestre de 2022.<\/a><\/td>\n<\/tr>\n<tr>\n<td>008<\/td>\n<td><a href=\"..\/..\/wp-content\/uploads\/docs\/atos-normativos\/resolucoes\/2022\/8.pdf\" target=\"_blank\" rel=\"noopener noreferrer\">Anuidades 2023.<\/a><\/td>\n<\/tr>\n<tr>\n<td>009<\/td>\n<td><a href=\"..\/..\/wp-content\/uploads\/docs\/atos-normativos\/resolucoes\/2022\/9.pdf\" target=\"_blank\" rel=\"noopener noreferrer\">Balancete do 2\u00ba Trimestre de 2022.<\/a><\/td>\n<\/tr>\n<tr>\n<td>010<\/td>\n<td><a href=\"..\/..\/wp-content\/uploads\/docs\/atos-normativos\/resolucoes\/2022\/10.pdf\" target=\"_blank\" rel=\"noopener noreferrer\">Prorroga\u00e7\u00e3o Recr\u00e9dito.<\/a><\/td>\n<\/tr>\n<tr>\n<td>011<\/td>\n<td><a href=\"..\/..\/wp-content\/uploads\/docs\/atos-normativos\/resolucoes\/2022\/11.pdf\" target=\"_blank\" rel=\"noopener noreferrer\">Proposta Or\u00e7ament\u00e1ria de 2023.<\/a><\/td>\n<\/tr>\n<tr>\n<td>012<\/td>\n<td><a href=\"..\/..\/wp-content\/uploads\/docs\/atos-normativos\/resolucoes\/2022\/12.pdf\" target=\"_blank\" rel=\"noopener noreferrer\">Comiss\u00e3o Eleitoral.<\/a><\/td>\n<\/tr>\n<\/tbody>\n<\/table>\n<\/td>\n<\/tr>\n<\/tbody>\n<\/table>\n","protected":false},"excerpt":{"rendered":"<p>RESOLU\u00c7\u00d5ES 2022 N\u00b0 Descri\u00e7\u00e3o 001 Resoluc\u0327a\u0303o 001-2022. C.T 002 Cart\u00e3o de Cr\u00e9dito. 003 Prorroga\u00e7\u00e3o Recr\u00e9dito. 004 Balancete do 3\u00ba Trimestre de 2021. 005 Presta\u00e7\u00e3o de Contas de 2021. 006 Comiss\u00e3o Eleitoral. 007 Balancete do 1\u00ba Trimestre de 2022. 008 Anuidades 2023. 009 Balancete do 2\u00ba Trimestre de 2022. 010 Prorroga\u00e7\u00e3o Recr\u00e9dito. 011 Proposta Or\u00e7ament\u00e1ria de &hellip; <a href=\"https:\/\/corecongo.gov.br\/transparencia\/atos-normativos\/resolucoes-2022\/\" class=\"more-link\">Continue reading <span class=\"screen-reader-text\">Resolu\u00e7\u00f5es 2022<\/span><\/a><\/p>\n","protected":false},"author":6,"featured_media":0,"parent":40,"menu_order":0,"comment_status":"closed","ping_status":"closed","template":"","meta":{"footnotes":""},"class_list":["post-473","page","type-page","status-publish","hentry"],"_links":{"self":[{"href":"https:\/\/corecongo.gov.br\/transparencia\/wp-json\/wp\/v2\/pages\/473","targetHints":{"allow":["GET"]}}],"collection":[{"href":"https:\/\/corecongo.gov.br\/transparencia\/wp-json\/wp\/v2\/pages"}],"about":[{"href":"https:\/\/corecongo.gov.br\/transparencia\/wp-json\/wp\/v2\/types\/page"}],"author":[{"embeddable":true,"href":"https:\/\/corecongo.gov.br\/transparencia\/wp-json\/wp\/v2\/users\/6"}],"replies":[{"embeddable":true,"href":"https:\/\/corecongo.gov.br\/transparencia\/wp-json\/wp\/v2\/comments?post=473"}],"version-history":[{"count":4,"href":"https:\/\/corecongo.gov.br\/transparencia\/wp-json\/wp\/v2\/pages\/473\/revisions"}],"predecessor-version":[{"id":682,"href":"https:\/\/corecongo.gov.br\/transparencia\/wp-json\/wp\/v2\/pages\/473\/revisions\/682"}],"up":[{"embeddable":true,"href":"https:\/\/corecongo.gov.br\/transparencia\/wp-json\/wp\/v2\/pages\/40"}],"wp:attachment":[{"href":"https:\/\/corecongo.gov.br\/transparencia\/wp-json\/wp\/v2\/media?parent=473"}],"curies":[{"name":"wp","href":"https:\/\/api.w.org\/{rel}","templated":true}]}}