{"id":466,"date":"2022-02-10T16:03:40","date_gmt":"2022-02-10T19:03:40","guid":{"rendered":"https:\/\/corecongo.gov.br\/transparencia\/?page_id=466"},"modified":"2025-03-04T22:51:10","modified_gmt":"2025-03-05T01:51:10","slug":"portarias-2021","status":"publish","type":"page","link":"https:\/\/corecongo.gov.br\/transparencia\/portarias-2021\/","title":{"rendered":"Portarias 2021"},"content":{"rendered":"<table style=\"width: 677px; height: 599px;\" border=\"0\" align=\"center\">\n<tbody>\n<tr style=\"height: 70px;\">\n<th style=\"background-color: #333399; color: #ffffff; height: 70px; text-align: center;\">\n<p align=\"center\">\n<\/th>\n<\/tr>\n<tr style=\"height: 486px;\">\n<td style=\"height: 486px; background-color: #f5f5f5; vertical-align: text-top;\">\n<p align=\"center\"><span style=\"color: #008080;\"><strong>2021<\/strong><\/span><\/p>\n<table style=\"height: 253px;\" width=\"893\">\n<tbody>\n<tr>\n<td style=\"width: 70px;\"><strong><span style=\"color: #666699;\">N\u00b0<\/span><\/strong><\/td>\n<td><span style=\"color: #666699;\"><strong>Descri\u00e7\u00e3o<\/strong><\/span><\/td>\n<\/tr>\n<tr>\n<td>001<\/td>\n<td><a href=\"https:\/\/corecongo.gov.br\/transparencia\/wp-content\/uploads\/2022\/02\/Portaria-001-2021-Comissa\u0303o-Monografia.pdf\">Portaria 001-2021 &#8211; COMISS\u00c3O DE MONOGRAFIA<\/a><\/td>\n<\/tr>\n<tr>\n<td>002<\/td>\n<td><a href=\"https:\/\/corecongo.gov.br\/transparencia\/wp-content\/uploads\/2022\/02\/Portaria-002-2021-Reajuste-Salarial.pdf\">Portaria 002-2021 &#8211; REAJUSTE SALARIAL<\/a><\/td>\n<\/tr>\n<tr>\n<td>003<\/td>\n<td><a href=\"https:\/\/corecongo.gov.br\/transparencia\/wp-content\/uploads\/2022\/02\/Portaria-003-2021-Sessa\u0303o-Plenaria.pdf\">Portaria 003-2021 &#8211; SESS\u00c3O PLEN\u00c1RIA<\/a><\/td>\n<\/tr>\n<tr>\n<td><\/td>\n<td><\/td>\n<\/tr>\n<tr>\n<td><\/td>\n<td><\/td>\n<\/tr>\n<\/tbody>\n<\/table>\n<\/td>\n<\/tr>\n<\/tbody>\n<\/table>\n","protected":false},"excerpt":{"rendered":"<p>2021 N\u00b0 Descri\u00e7\u00e3o 001 Portaria 001-2021 &#8211; COMISS\u00c3O DE MONOGRAFIA 002 Portaria 002-2021 &#8211; REAJUSTE SALARIAL 003 Portaria 003-2021 &#8211; SESS\u00c3O PLEN\u00c1RIA<\/p>\n","protected":false},"author":6,"featured_media":0,"parent":0,"menu_order":0,"comment_status":"closed","ping_status":"closed","template":"","meta":{"footnotes":""},"class_list":["post-466","page","type-page","status-publish","hentry"],"_links":{"self":[{"href":"https:\/\/corecongo.gov.br\/transparencia\/wp-json\/wp\/v2\/pages\/466","targetHints":{"allow":["GET"]}}],"collection":[{"href":"https:\/\/corecongo.gov.br\/transparencia\/wp-json\/wp\/v2\/pages"}],"about":[{"href":"https:\/\/corecongo.gov.br\/transparencia\/wp-json\/wp\/v2\/types\/page"}],"author":[{"embeddable":true,"href":"https:\/\/corecongo.gov.br\/transparencia\/wp-json\/wp\/v2\/users\/6"}],"replies":[{"embeddable":true,"href":"https:\/\/corecongo.gov.br\/transparencia\/wp-json\/wp\/v2\/comments?post=466"}],"version-history":[{"count":1,"href":"https:\/\/corecongo.gov.br\/transparencia\/wp-json\/wp\/v2\/pages\/466\/revisions"}],"predecessor-version":[{"id":470,"href":"https:\/\/corecongo.gov.br\/transparencia\/wp-json\/wp\/v2\/pages\/466\/revisions\/470"}],"wp:attachment":[{"href":"https:\/\/corecongo.gov.br\/transparencia\/wp-json\/wp\/v2\/media?parent=466"}],"curies":[{"name":"wp","href":"https:\/\/api.w.org\/{rel}","templated":true}]}}