{"id":42,"date":"2019-01-23T20:28:44","date_gmt":"2019-01-23T22:28:44","guid":{"rendered":"http:\/\/corecongo.gov.br\/transparencia\/?page_id=42"},"modified":"2025-03-04T22:51:27","modified_gmt":"2025-03-05T01:51:27","slug":"portarias-2018","status":"publish","type":"page","link":"https:\/\/corecongo.gov.br\/transparencia\/atos-normativos\/portarias-2018\/","title":{"rendered":"Portarias 2018"},"content":{"rendered":"<table style=\"width: 677px; height: 599px;\" border=\"0\" align=\"center\">\n<tbody>\n<tr style=\"height: 70px;\">\n<th style=\"background-color: #333399; color: #ffffff; height: 70px; text-align: center;\">\n<p align=\"center\"><strong>PORTARIAS<\/strong><\/p>\n<\/th>\n<\/tr>\n<tr style=\"height: 486px;\">\n<td style=\"height: 486px; background-color: #f5f5f5; vertical-align: text-top;\">\n<p align=\"center\"><span style=\"color: #008080;\"><strong>2018<\/strong><\/span><\/p>\n<table>\n<tbody>\n<tr>\n<td style=\"width: 70px;\"><strong><span style=\"color: #666699;\">N\u00b0<\/span><\/strong><\/td>\n<td><span style=\"color: #666699;\"><strong>Descri\u00e7\u00e3o<\/strong><\/span><\/td>\n<\/tr>\n<tr>\n<td>001<\/td>\n<td><a href=\"..\/..\/wp-content\/uploads\/docs\/atos-normativos\/portarias\/2018\/Port001-2018.pdf\" target=\"_blank\" rel=\"noopener noreferrer\">Designa respons\u00e1veis por utiliza\u00e7\u00e3o das contas banc\u00e1rias do Exerc\u00edcio de 2018.<\/a><\/td>\n<\/tr>\n<tr>\n<td>002<\/td>\n<td><a href=\"..\/..\/wp-content\/uploads\/docs\/atos-normativos\/portarias\/2018\/Port002-2018.pdf\" target=\"_blank\" rel=\"noopener noreferrer\">Designa relator do Processo \u00c9tico Disciplinar n\u00ba 012\/2017.<\/a><\/td>\n<\/tr>\n<tr>\n<td>003<\/td>\n<td><a href=\"..\/..\/wp-content\/uploads\/docs\/atos-normativos\/portarias\/2018\/Port003-2018.pdf\" target=\"_blank\" rel=\"noopener noreferrer\">Aprova a Licita\u00e7\u00e3o para contrata\u00e7\u00e3o de Assessoria de Imprensa e Comunica\u00e7\u00e3o.<\/a><\/td>\n<\/tr>\n<tr>\n<td>004<\/td>\n<td><a href=\"..\/..\/wp-content\/uploads\/docs\/atos-normativos\/portarias\/2018\/Port004-2018.pdf\" target=\"_blank\" rel=\"noopener noreferrer\">Disp\u00f5e sobre a constitui\u00e7\u00e3o da Comiss\u00e3o Examinadora do XII Pr\u00eamio de Monografia \u201cLEOPOLDO DE BULH\u00d5ES\u201d.<\/a><\/td>\n<\/tr>\n<tr>\n<td>005<\/td>\n<td><a href=\"..\/..\/wp-content\/uploads\/docs\/atos-normativos\/portarias\/2018\/Port005-2018.pdf\" target=\"_blank\" rel=\"noopener noreferrer\">Altera fun\u00e7\u00e3o da servidora.<\/a><\/td>\n<\/tr>\n<\/tbody>\n<\/table>\n<\/td>\n<\/tr>\n<\/tbody>\n<\/table>\n","protected":false},"excerpt":{"rendered":"<p>PORTARIAS 2018 N\u00b0 Descri\u00e7\u00e3o 001 Designa respons\u00e1veis por utiliza\u00e7\u00e3o das contas banc\u00e1rias do Exerc\u00edcio de 2018. 002 Designa relator do Processo \u00c9tico Disciplinar n\u00ba 012\/2017. 003 Aprova a Licita\u00e7\u00e3o para contrata\u00e7\u00e3o de Assessoria de Imprensa e Comunica\u00e7\u00e3o. 004 Disp\u00f5e sobre a constitui\u00e7\u00e3o da Comiss\u00e3o Examinadora do XII Pr\u00eamio de Monografia \u201cLEOPOLDO DE BULH\u00d5ES\u201d. 005 Altera &hellip; <a href=\"https:\/\/corecongo.gov.br\/transparencia\/atos-normativos\/portarias-2018\/\" class=\"more-link\">Continue reading <span class=\"screen-reader-text\">Portarias 2018<\/span><\/a><\/p>\n","protected":false},"author":2,"featured_media":0,"parent":40,"menu_order":0,"comment_status":"closed","ping_status":"closed","template":"","meta":{"footnotes":""},"class_list":["post-42","page","type-page","status-publish","hentry"],"_links":{"self":[{"href":"https:\/\/corecongo.gov.br\/transparencia\/wp-json\/wp\/v2\/pages\/42","targetHints":{"allow":["GET"]}}],"collection":[{"href":"https:\/\/corecongo.gov.br\/transparencia\/wp-json\/wp\/v2\/pages"}],"about":[{"href":"https:\/\/corecongo.gov.br\/transparencia\/wp-json\/wp\/v2\/types\/page"}],"author":[{"embeddable":true,"href":"https:\/\/corecongo.gov.br\/transparencia\/wp-json\/wp\/v2\/users\/2"}],"replies":[{"embeddable":true,"href":"https:\/\/corecongo.gov.br\/transparencia\/wp-json\/wp\/v2\/comments?post=42"}],"version-history":[{"count":7,"href":"https:\/\/corecongo.gov.br\/transparencia\/wp-json\/wp\/v2\/pages\/42\/revisions"}],"predecessor-version":[{"id":323,"href":"https:\/\/corecongo.gov.br\/transparencia\/wp-json\/wp\/v2\/pages\/42\/revisions\/323"}],"up":[{"embeddable":true,"href":"https:\/\/corecongo.gov.br\/transparencia\/wp-json\/wp\/v2\/pages\/40"}],"wp:attachment":[{"href":"https:\/\/corecongo.gov.br\/transparencia\/wp-json\/wp\/v2\/media?parent=42"}],"curies":[{"name":"wp","href":"https:\/\/api.w.org\/{rel}","templated":true}]}}