{"id":376,"date":"2021-03-05T10:47:18","date_gmt":"2021-03-05T13:47:18","guid":{"rendered":"https:\/\/corecongo.gov.br\/transparencia\/?page_id=376"},"modified":"2025-03-04T22:50:54","modified_gmt":"2025-03-05T01:50:54","slug":"resolucao-2021","status":"publish","type":"page","link":"https:\/\/corecongo.gov.br\/transparencia\/resolucao-2021\/","title":{"rendered":"Resolu\u00e7\u00f5es  2021"},"content":{"rendered":"<p>&nbsp;<\/p>\n<table style=\"width: 663px; height: 848px;\" border=\"0\" align=\"center\">\n<tbody>\n<tr style=\"height: 70px;\">\n<th style=\"background-color: #333399; color: #ffffff; height: 70px; text-align: center;\">\n<p align=\"center\"><strong>RESOLU\u00c7\u00d5ES<\/strong><\/p>\n<\/th>\n<\/tr>\n<tr style=\"height: 486px;\">\n<td style=\"height: 486px; background-color: #f5f5f5; vertical-align: text-top;\">\n<p align=\"center\"><span style=\"color: #008080;\"><strong>2021<\/strong><\/span><\/p>\n<table style=\"height: 626px;\">\n<tbody>\n<tr>\n<td style=\"width: 70px;\"><strong><span style=\"color: #666699;\">N\u00b0<\/span><\/strong><\/td>\n<td><span style=\"color: #666699;\"><strong>Descri\u00e7\u00e3o<\/strong><\/span><\/td>\n<\/tr>\n<tr>\n<td>001<\/td>\n<td><a href=\"https:\/\/corecongo.gov.br\/transparencia\/wp-content\/uploads\/2021\/03\/Resolucao-001-2021.-C.T.pdf\">Resolu\u00e7\u00e3o 001-2021. C.T<\/a><\/td>\n<\/tr>\n<tr>\n<td>002<\/td>\n<td><a href=\"https:\/\/corecongo.gov.br\/transparencia\/wp-content\/uploads\/2021\/03\/Resolucao-002-2021-LICITACAO.pdf\">Resolu\u00e7\u00e3o 002-2021 &#8211; LICITA\u00c7\u00c3O<\/a><\/td>\n<\/tr>\n<tr>\n<td>003<\/td>\n<td><a href=\"https:\/\/corecongo.gov.br\/transparencia\/wp-content\/uploads\/2021\/03\/Resolucao-003-2021-FISCALIZACAO-E-FINANCAS.pdf\">Resolu\u00e7\u00e3o 003-2021 &#8211; FISCALIZA\u00c7\u00c3O E FINAN\u00c7AS<\/a><\/td>\n<\/tr>\n<tr>\n<td>004<\/td>\n<td><a href=\"https:\/\/corecongo.gov.br\/transparencia\/wp-content\/uploads\/2021\/03\/Resolucao-004-2021-COMUNICACAO-E-MARKETING.pdf\">Resolu\u00e7\u00e3o 004-2021 &#8211; COMUNICA\u00c7\u00c3O E MARKETING<\/a><\/td>\n<\/tr>\n<tr>\n<td>005<\/td>\n<td><a href=\"https:\/\/corecongo.gov.br\/transparencia\/wp-content\/uploads\/2021\/03\/Resolucao-005-2021-COMISSAO-MULHER-ECONOMISTA.pdf\">Resolu\u00e7\u00e3o 005-2021 &#8211; COMISS\u00c3O MULHER ECONOMISTA<\/a><\/td>\n<\/tr>\n<tr>\n<td>006<\/td>\n<td><a href=\"https:\/\/corecongo.gov.br\/transparencia\/wp-content\/uploads\/2022\/02\/Resoluc\u0327a\u0303o-006-2021-PRORROGAC\u0327A\u0303O-RECEREDITO.pdf\">Resoluc\u0327a\u0303o 006-2021 &#8211; PRORROGAC\u0327A\u0303O RECEREDITO<\/a><\/td>\n<\/tr>\n<tr>\n<td>007<\/td>\n<td><a href=\"https:\/\/corecongo.gov.br\/transparencia\/wp-content\/uploads\/2022\/02\/Resoluc\u0327a\u0303o-007-2021-Prestac\u0327a\u0303o-de-Contas.pdf\">Resoluc\u0327a\u0303o 007-2021 &#8211; P<\/a>RESTA\u00c7\u00c3O DE CONTAS<\/td>\n<\/tr>\n<tr>\n<td>008<\/td>\n<td><a href=\"https:\/\/corecongo.gov.br\/transparencia\/wp-content\/uploads\/2022\/02\/Resoluc\u0327a\u0303o-008-2021.-Balancete.pdf\">Resoluc\u0327a\u0303o 008-2021 &#8211; BALANCETE<\/a><\/td>\n<\/tr>\n<tr>\n<td>009<\/td>\n<td><a href=\"https:\/\/corecongo.gov.br\/transparencia\/wp-content\/uploads\/2022\/02\/Resoluc\u0327a\u0303o-009-2021-Pre\u0302mio-de-Monografia.pdf\">Resoluc\u0327a\u0303o 009-2021- PR\u00caMIO DE MONOGRAFIA<\/a><\/td>\n<\/tr>\n<tr>\n<td>010<\/td>\n<td><a href=\"https:\/\/corecongo.gov.br\/transparencia\/wp-content\/uploads\/2022\/02\/Resoluc\u0327a\u0303o-010-2021-Comissa\u0303o-Eleitoral.pdf\">Resoluc\u0327a\u0303o 010-2021 &#8211; COMISS\u00c3O ELEITORAL<\/a><\/td>\n<\/tr>\n<tr>\n<td>011<\/td>\n<td><a href=\"https:\/\/corecongo.gov.br\/transparencia\/wp-content\/uploads\/2022\/02\/Resoluc\u0327a\u0303o-011-2021-PRORROGAC\u0327A\u0303O-RECEREDITO.pdf\">Resoluc\u0327a\u0303o 011-2021 &#8211; PRORROGAC\u0327A\u0303O RECEREDITO<\/a><\/td>\n<\/tr>\n<tr>\n<td>012<\/td>\n<td><a href=\"https:\/\/corecongo.gov.br\/transparencia\/wp-content\/uploads\/2022\/02\/Resoluc\u0327a\u0303o-012-2021-Comissa\u0303o-Eleitoral.pdf\">Resoluc\u0327a\u0303o 012-2021 &#8211; COMISS\u00c3O ELEITORAL<\/a><\/td>\n<\/tr>\n<tr>\n<td>013<\/td>\n<td><a href=\"https:\/\/corecongo.gov.br\/transparencia\/wp-content\/uploads\/2022\/02\/Resoluc\u0327a\u0303o-013-2021-Contribuic\u0327o\u0303es-Parafiscais.pdf\">Resoluc\u0327a\u0303o 013-2021 &#8211; CONTRIBUI\u00c7\u00d5ES PARA FISCAIS<\/a><\/td>\n<\/tr>\n<tr>\n<td>014<\/td>\n<td><a href=\"https:\/\/corecongo.gov.br\/transparencia\/wp-content\/uploads\/2022\/02\/Resoluc\u0327a\u0303o-014-2021.-Balancete.pdf\">Resoluc\u0327a\u0303o 014-2021 &#8211; BALANCETE<\/a><\/td>\n<\/tr>\n<tr>\n<td>015<\/td>\n<td><a href=\"https:\/\/corecongo.gov.br\/transparencia\/wp-content\/uploads\/2022\/02\/Resoluc\u0327a\u0303o-015-2021-Orc\u0327amento.pdf\">Resoluc\u0327a\u0303o 015-2021 &#8211; OR\u00c7AMENTO<\/a><\/td>\n<\/tr>\n<\/tbody>\n<\/table>\n<\/td>\n<\/tr>\n<\/tbody>\n<\/table>\n","protected":false},"excerpt":{"rendered":"<p>&nbsp; RESOLU\u00c7\u00d5ES 2021 N\u00b0 Descri\u00e7\u00e3o 001 Resolu\u00e7\u00e3o 001-2021. C.T 002 Resolu\u00e7\u00e3o 002-2021 &#8211; LICITA\u00c7\u00c3O 003 Resolu\u00e7\u00e3o 003-2021 &#8211; FISCALIZA\u00c7\u00c3O E FINAN\u00c7AS 004 Resolu\u00e7\u00e3o 004-2021 &#8211; COMUNICA\u00c7\u00c3O E MARKETING 005 Resolu\u00e7\u00e3o 005-2021 &#8211; COMISS\u00c3O MULHER ECONOMISTA 006 Resoluc\u0327a\u0303o 006-2021 &#8211; PRORROGAC\u0327A\u0303O RECEREDITO 007 Resoluc\u0327a\u0303o 007-2021 &#8211; PRESTA\u00c7\u00c3O DE CONTAS 008 Resoluc\u0327a\u0303o 008-2021 &#8211; BALANCETE 009 Resoluc\u0327a\u0303o &hellip; <a href=\"https:\/\/corecongo.gov.br\/transparencia\/resolucao-2021\/\" class=\"more-link\">Continue reading <span class=\"screen-reader-text\">Resolu\u00e7\u00f5es  2021<\/span><\/a><\/p>\n","protected":false},"author":6,"featured_media":0,"parent":0,"menu_order":0,"comment_status":"closed","ping_status":"closed","template":"","meta":{"footnotes":""},"class_list":["post-376","page","type-page","status-publish","hentry"],"_links":{"self":[{"href":"https:\/\/corecongo.gov.br\/transparencia\/wp-json\/wp\/v2\/pages\/376","targetHints":{"allow":["GET"]}}],"collection":[{"href":"https:\/\/corecongo.gov.br\/transparencia\/wp-json\/wp\/v2\/pages"}],"about":[{"href":"https:\/\/corecongo.gov.br\/transparencia\/wp-json\/wp\/v2\/types\/page"}],"author":[{"embeddable":true,"href":"https:\/\/corecongo.gov.br\/transparencia\/wp-json\/wp\/v2\/users\/6"}],"replies":[{"embeddable":true,"href":"https:\/\/corecongo.gov.br\/transparencia\/wp-json\/wp\/v2\/comments?post=376"}],"version-history":[{"count":4,"href":"https:\/\/corecongo.gov.br\/transparencia\/wp-json\/wp\/v2\/pages\/376\/revisions"}],"predecessor-version":[{"id":477,"href":"https:\/\/corecongo.gov.br\/transparencia\/wp-json\/wp\/v2\/pages\/376\/revisions\/477"}],"wp:attachment":[{"href":"https:\/\/corecongo.gov.br\/transparencia\/wp-json\/wp\/v2\/media?parent=376"}],"curies":[{"name":"wp","href":"https:\/\/api.w.org\/{rel}","templated":true}]}}