{"id":292,"date":"2020-08-26T11:52:10","date_gmt":"2020-08-26T14:52:10","guid":{"rendered":"http:\/\/corecongo.gov.br\/transparencia\/?page_id=292"},"modified":"2025-03-04T22:51:10","modified_gmt":"2025-03-05T01:51:10","slug":"portaria-2019","status":"publish","type":"page","link":"https:\/\/corecongo.gov.br\/transparencia\/portaria-2019\/","title":{"rendered":"Portaria 2019"},"content":{"rendered":"<table style=\"width: 677px; height: 599px;\" border=\"0\" align=\"center\">\n<tbody>\n<tr style=\"height: 70px;\">\n<th style=\"background-color: #333399; color: #ffffff; height: 70px; text-align: center;\">\n<p align=\"center\"><strong>PORTARIAS<\/strong><\/p>\n<\/th>\n<\/tr>\n<tr style=\"height: 486px;\">\n<td style=\"height: 486px; background-color: #f5f5f5; vertical-align: text-top;\">\n<p align=\"center\"><span style=\"color: #008080;\"><strong>2019<\/strong><\/span><\/p>\n<table style=\"height: 253px;\" width=\"893\">\n<tbody>\n<tr>\n<td style=\"width: 70px;\"><strong><span style=\"color: #666699;\">N\u00b0<\/span><\/strong><\/td>\n<td><span style=\"color: #666699;\"><strong>Descri\u00e7\u00e3o<\/strong><\/span><\/td>\n<\/tr>\n<tr>\n<td>001<\/td>\n<td><a href=\"http:\/\/corecongo.gov.br\/transparencia\/wp-content\/uploads\/2020\/08\/Portaria-001-2019.pdf\">Portaria 001-2019 &#8211; Designa a fun\u00e7\u00e3o de Ouvidor do<\/a> CORECON\/GO<\/td>\n<\/tr>\n<tr>\n<td>002<\/td>\n<td><a href=\"http:\/\/corecongo.gov.br\/transparencia\/wp-content\/uploads\/2020\/08\/Portaria-002-2019-Licitacao-assessoria-comunicacao.pdf\">Portaria 002-2019- Licita\u00e7\u00e3o assessoria comunica\u00e7\u00e3o<\/a><\/td>\n<\/tr>\n<tr>\n<td>003<\/td>\n<td><a href=\"http:\/\/corecongo.gov.br\/transparencia\/wp-content\/uploads\/2020\/08\/Portaria-003-2019-Comissao-Monografia.pdf\">Portaria 003-2019 &#8211; Comiss\u00e3o Monografia<\/a><\/td>\n<\/tr>\n<tr>\n<td>004<\/td>\n<td><a href=\"http:\/\/corecongo.gov.br\/transparencia\/wp-content\/uploads\/2020\/08\/Portaria-004-2019.pdf\">Portaria 004-2019 &#8211; Designa relator do Processo \u00c9tico Disciplinar\u00a0<\/a><\/td>\n<\/tr>\n<tr>\n<td><\/td>\n<td><\/td>\n<\/tr>\n<\/tbody>\n<\/table>\n<\/td>\n<\/tr>\n<\/tbody>\n<\/table>\n","protected":false},"excerpt":{"rendered":"<p>PORTARIAS 2019 N\u00b0 Descri\u00e7\u00e3o 001 Portaria 001-2019 &#8211; Designa a fun\u00e7\u00e3o de Ouvidor do CORECON\/GO 002 Portaria 002-2019- Licita\u00e7\u00e3o assessoria comunica\u00e7\u00e3o 003 Portaria 003-2019 &#8211; Comiss\u00e3o Monografia 004 Portaria 004-2019 &#8211; Designa relator do Processo \u00c9tico Disciplinar\u00a0<\/p>\n","protected":false},"author":6,"featured_media":0,"parent":0,"menu_order":0,"comment_status":"closed","ping_status":"closed","template":"","meta":{"footnotes":""},"class_list":["post-292","page","type-page","status-publish","hentry"],"_links":{"self":[{"href":"https:\/\/corecongo.gov.br\/transparencia\/wp-json\/wp\/v2\/pages\/292","targetHints":{"allow":["GET"]}}],"collection":[{"href":"https:\/\/corecongo.gov.br\/transparencia\/wp-json\/wp\/v2\/pages"}],"about":[{"href":"https:\/\/corecongo.gov.br\/transparencia\/wp-json\/wp\/v2\/types\/page"}],"author":[{"embeddable":true,"href":"https:\/\/corecongo.gov.br\/transparencia\/wp-json\/wp\/v2\/users\/6"}],"replies":[{"embeddable":true,"href":"https:\/\/corecongo.gov.br\/transparencia\/wp-json\/wp\/v2\/comments?post=292"}],"version-history":[{"count":4,"href":"https:\/\/corecongo.gov.br\/transparencia\/wp-json\/wp\/v2\/pages\/292\/revisions"}],"predecessor-version":[{"id":319,"href":"https:\/\/corecongo.gov.br\/transparencia\/wp-json\/wp\/v2\/pages\/292\/revisions\/319"}],"wp:attachment":[{"href":"https:\/\/corecongo.gov.br\/transparencia\/wp-json\/wp\/v2\/media?parent=292"}],"curies":[{"name":"wp","href":"https:\/\/api.w.org\/{rel}","templated":true}]}}