{"id":244,"date":"2020-01-10T13:41:17","date_gmt":"2020-01-10T16:41:17","guid":{"rendered":"http:\/\/corecongo.gov.br\/transparencia\/?page_id=244"},"modified":"2025-03-23T01:39:42","modified_gmt":"2025-03-23T04:39:42","slug":"gabinete-da-presidencia","status":"publish","type":"page","link":"https:\/\/corecongo.gov.br\/transparencia\/gabinete-da-presidencia\/","title":{"rendered":"Gabinete da Presid\u00eancia"},"content":{"rendered":"<p><strong style=\"font-size: 13px; height: 280px;\">PRESIDENCIA: Luiz Batista Alves<\/strong><br \/>\n<strong style=\"font-size: 13px; height: 280px;\">VICE-PRESID\u00caNCIA:\u00a0 Jo\u00e3o Carlos Gouveia<\/strong><\/p>\n<table style=\"font-size: 13px; height: 337px;\" width=\"934\">\n<tbody>\n<tr>\n<th><strong>1\u00ba TER\u00c7O (2024-2026)<\/strong><\/th>\n<th><strong>2\u00ba TER\u00c7O (2025-2027)<\/strong><\/th>\n<th><strong>3\u00ba TER\u00c7O (2023-2025)<\/strong><\/th>\n<\/tr>\n<tr>\n<td><strong><span style=\"color: #333399;\"><u>TITULARES<\/u><\/span><\/strong><br \/>\n<strong>Eur\u00edpedes J\u00fanior Lopes Silva<\/strong><br \/>\n<strong>Jo\u00e3o Carlos Gouveia\u00a0<\/strong><br \/>\n<strong>Suellen Mara de Lima Couto<\/strong><\/p>\n<p><strong><u>SUPLENTES<\/u><\/strong><br \/>\n<strong>Ant\u00f4nio Jorge de Oliveira<\/strong><br \/>\n<strong>Julimaria dos Santos Sousa<\/strong><br \/>\n<strong>Joaquim da Cunha Bastos J\u00fanior<\/strong><\/td>\n<td><strong><span style=\"color: #333399;\"><u>TITULARES<\/u><\/span><\/strong><br \/>\n<strong>Guilherme Ara\u00fajo Vieria<\/strong><br \/>\n<strong>Claudio Henrique de Oliveira<\/strong><br \/>\n<b>Marcelo Jos\u00e9 Moreira<\/b><\/p>\n<p><u><\/u><strong><span style=\"color: #333399;\"><u>SUPLENTES<\/u><\/span><\/strong><br \/>\n<strong>Alexandre Bou\u00e7as Marques<\/strong><br \/>\n<strong>Bruno Martins Andrade\u00a0<\/strong><br \/>\n<strong>Douglas Paranayba Abreu<\/strong><\/td>\n<td><strong><span style=\"color: #333399;\"><u>TITULARES<\/u><\/span><\/strong><br \/>\n<strong>Andr\u00e9 Lu\u00eds Braga Rodrigues dos Santos<\/strong><br \/>\n<strong>Edson Alves Novais<\/strong><br \/>\n<strong>Luiz Batista Alves<\/strong><\/p>\n<p><strong><span style=\"color: #333399;\"><u>SUPLENTES<\/u><\/span><\/strong><br \/>\n<strong>Ana Luiza Souza Mendes<br \/>\nT\u00e2nia Aparecida da Silva<\/strong><\/td>\n<\/tr>\n<\/tbody>\n<\/table>\n","protected":false},"excerpt":{"rendered":"<p>PRESIDENCIA: Luiz Batista Alves VICE-PRESID\u00caNCIA:\u00a0 Jo\u00e3o Carlos Gouveia 1\u00ba TER\u00c7O (2024-2026) 2\u00ba TER\u00c7O (2025-2027) 3\u00ba TER\u00c7O (2023-2025) TITULARES Eur\u00edpedes J\u00fanior Lopes Silva Jo\u00e3o Carlos Gouveia\u00a0 Suellen Mara de Lima Couto SUPLENTES Ant\u00f4nio Jorge de Oliveira Julimaria dos Santos Sousa Joaquim da Cunha Bastos J\u00fanior TITULARES Guilherme Ara\u00fajo Vieria Claudio Henrique de Oliveira Marcelo Jos\u00e9 Moreira &hellip; <a href=\"https:\/\/corecongo.gov.br\/transparencia\/gabinete-da-presidencia\/\" class=\"more-link\">Continue reading <span class=\"screen-reader-text\">Gabinete da Presid\u00eancia<\/span><\/a><\/p>\n","protected":false},"author":2,"featured_media":0,"parent":0,"menu_order":0,"comment_status":"closed","ping_status":"closed","template":"","meta":{"footnotes":""},"class_list":["post-244","page","type-page","status-publish","hentry"],"_links":{"self":[{"href":"https:\/\/corecongo.gov.br\/transparencia\/wp-json\/wp\/v2\/pages\/244","targetHints":{"allow":["GET"]}}],"collection":[{"href":"https:\/\/corecongo.gov.br\/transparencia\/wp-json\/wp\/v2\/pages"}],"about":[{"href":"https:\/\/corecongo.gov.br\/transparencia\/wp-json\/wp\/v2\/types\/page"}],"author":[{"embeddable":true,"href":"https:\/\/corecongo.gov.br\/transparencia\/wp-json\/wp\/v2\/users\/2"}],"replies":[{"embeddable":true,"href":"https:\/\/corecongo.gov.br\/transparencia\/wp-json\/wp\/v2\/comments?post=244"}],"version-history":[{"count":16,"href":"https:\/\/corecongo.gov.br\/transparencia\/wp-json\/wp\/v2\/pages\/244\/revisions"}],"predecessor-version":[{"id":662,"href":"https:\/\/corecongo.gov.br\/transparencia\/wp-json\/wp\/v2\/pages\/244\/revisions\/662"}],"wp:attachment":[{"href":"https:\/\/corecongo.gov.br\/transparencia\/wp-json\/wp\/v2\/media?parent=244"}],"curies":[{"name":"wp","href":"https:\/\/api.w.org\/{rel}","templated":true}]}}