{"id":154,"date":"2019-09-17T20:42:33","date_gmt":"2019-09-17T23:42:33","guid":{"rendered":"http:\/\/corecongo.gov.br\/transparencia\/?page_id=154"},"modified":"2025-03-04T22:51:10","modified_gmt":"2025-03-05T01:51:10","slug":"eleicoes","status":"publish","type":"page","link":"https:\/\/corecongo.gov.br\/transparencia\/eleicoes\/","title":{"rendered":"Elei\u00e7\u00f5es"},"content":{"rendered":"<h3>Resultado Elei\u00e7\u00f5es 2021<\/h3>\n<p style=\"text-align: justify;\">Segundo o que determina a legisla\u00e7\u00e3o eleitoral, o Conselho Regional de Economia 18\u00aa Regi\u00e3o\/GO realizou nos dias 30 e 31 de outubro, por meio do site www.votaeconomista.org.br, elei\u00e7\u00f5es para renova\u00e7\u00e3o do ter\u00e7o de Conselheiros deste Corecon\/GO e de delegados-eleitores titular e suplente junto ao col\u00e9gio Eleitoral do Cofecon. A chapa <strong>CHAPA 1 &#8211; \u201cEfici\u00eancia, Trabalho e Criatividade\u201d  <\/strong> obteve 86 votos, 3 foram nulos e 1, em branco.<\/p>\n<p style=\"text-align: justify;\"><strong>A chapa Integridade e Compromisso \u00e9 composta pelos conselheiros regionais efetivos (mandato 2021 a 2023)<\/strong><\/p>\n<p>Econ.: Adriana Pereira de Sousa<br \/>\nEcon.: Alesandra Campos Pereira<br \/>\nEcon.: Ivone Maria da Silva<\/p>\n<p><strong>Para conselheiros Regionais suplentes (mandato 2020 a 2022)<\/strong><br \/>\nEcon.: L\u00facio Ismael de Alvarenga<br \/>\nEcon.: Enoque Estev\u00e3o de Brito<br \/>\nEcon.: Victor Ant\u00f4nio Costa<\/p>\n<p><strong>Delegado Efetivo<\/strong><br \/>\nEcon.: Valdivino Jos\u00e9 de Oliveira<br \/>\nDelegado Eleitor Suplente<br \/>\nEcon.: Jo\u00e3o Pedro Tavares Damasceno<\/p>\n<h3>Resultado Elei\u00e7\u00f5es 2020<\/h3>\n<p style=\"text-align: justify;\">Segundo o que determina a legisla\u00e7\u00e3o eleitoral, o Conselho Regional de Economia 18\u00aa Regi\u00e3o\/GO realizou nos dias 30 e 31 de outubro, por meio do site www.votaeconomista.org.br, elei\u00e7\u00f5es para renova\u00e7\u00e3o do ter\u00e7o de Conselheiros deste Corecon\/GO e de delegados-eleitores titular e suplente junto ao col\u00e9gio Eleitoral do Cofecon. A chapa <strong>CHAPA 2 &#8211; INTEGRIDADE E COMPROMISSO<\/strong> obteve 94 votos, 3 foram nulos e 3, em branco.<\/p>\n<p style=\"text-align: justify;\"><strong>A chapa Integridade e Compromisso \u00e9 composta pelos conselheiros regionais efetivos (mandato 2021 a 2023)<\/strong><\/p>\n<p>Econ.: Eduardo Rodrigues da Silva<br \/>\nEcon.: Luciano Ferreira da Silva<br \/>\nEcon.: Rosa de F\u00e1tima Almeida de Oliveira<\/p>\n<p><strong>Para conselheiros Regionais suplentes (mandato 2020 a 2022)<\/strong><br \/>\nEcon.: Am\u00f3s da Silva Santos<br \/>\nEcon.: Cleyzer Adrian da Cunha<br \/>\nEcon.: Eur\u00edpedes Junior Lopes Silva<\/p>\n<p><strong>Delegado Efetivo<\/strong><br \/>\nEcon.: Marcus Moreschi de Faria<br \/>\nDelegado Eleitor Suplente<br \/>\nEcon.: Luiz Batista Alves<\/p>\n<h3>Resultado Elei\u00e7\u00f5es 2019<\/h3>\n<p style=\"text-align: justify;\">Segundo o que determina a legisla\u00e7\u00e3o eleitoral, o Conselho Regional de Economia 18\u00aa Regi\u00e3o\/GO realizou nos dias 30 e 31 de outubro, por meio do site www.votaeconomista.org.br, elei\u00e7\u00f5es para renova\u00e7\u00e3o do ter\u00e7o de Conselheiros deste Corecon\/GO e de delegados-eleitores titular e suplente junto ao col\u00e9gio Eleitoral do Cofecon.\u00a0A chapa 1 Valoriza\u00e7\u00e3o profissional obteve 112 (55,72) dos votos, 5 foram nulos e 1, em branco.<\/p>\n<p style=\"text-align: justify;\"><strong>A chapa Valoriza\u00e7\u00e3o profissional \u00e9 composta pelos conselheiros regionais efetivos (mandato 2020 a 2022)<\/strong><\/p>\n<p>Econ.: Valdivino Jos\u00e9 de Oliveira<br \/>\nEcon.: Marcus Moreschi de F\u00e1ria<br \/>\nEcon.: K\u00e9rssia Preda Kamenach<\/p>\n<p><strong>Para conselheiros Regionais suplentes (mandato 2020 a 2022)<\/strong><br \/>\nEcon.: Geraldo Almeida Silva<br \/>\nEcon.: Marcelo da Rocha de Souza<br \/>\nEcon.: Rosa de F\u00e1tima Almeida de Oliveira<\/p>\n<p><strong>Delegado Efetivo<\/strong><br \/>\nEcon.: Eduardo Rodrigues da Silva<br \/>\nDelegado Eleitor Suplente<br \/>\nEcon.: Andr\u00e9 Lu\u00eds Braga Rodrigues dos Santos<\/p>\n<p><strong>Saiba mais em: http:<a href=\"http:\/\/corecongo.gov.br\/transparencia\/eleicoes\/\">\/\/www.corecongo.gov.br\/eleicoes\/<\/a><\/strong><\/p>\n","protected":false},"excerpt":{"rendered":"<p>Resultado Elei\u00e7\u00f5es 2021 Segundo o que determina a legisla\u00e7\u00e3o eleitoral, o Conselho Regional de Economia 18\u00aa Regi\u00e3o\/GO realizou nos dias 30 e 31 de outubro, por meio do site www.votaeconomista.org.br, elei\u00e7\u00f5es para renova\u00e7\u00e3o do ter\u00e7o de Conselheiros deste Corecon\/GO e de delegados-eleitores titular e suplente junto ao col\u00e9gio Eleitoral do Cofecon. A chapa CHAPA 1 &hellip; <a href=\"https:\/\/corecongo.gov.br\/transparencia\/eleicoes\/\" class=\"more-link\">Continue reading <span class=\"screen-reader-text\">Elei\u00e7\u00f5es<\/span><\/a><\/p>\n","protected":false},"author":2,"featured_media":0,"parent":0,"menu_order":0,"comment_status":"closed","ping_status":"closed","template":"","meta":{"footnotes":""},"class_list":["post-154","page","type-page","status-publish","hentry"],"_links":{"self":[{"href":"https:\/\/corecongo.gov.br\/transparencia\/wp-json\/wp\/v2\/pages\/154","targetHints":{"allow":["GET"]}}],"collection":[{"href":"https:\/\/corecongo.gov.br\/transparencia\/wp-json\/wp\/v2\/pages"}],"about":[{"href":"https:\/\/corecongo.gov.br\/transparencia\/wp-json\/wp\/v2\/types\/page"}],"author":[{"embeddable":true,"href":"https:\/\/corecongo.gov.br\/transparencia\/wp-json\/wp\/v2\/users\/2"}],"replies":[{"embeddable":true,"href":"https:\/\/corecongo.gov.br\/transparencia\/wp-json\/wp\/v2\/comments?post=154"}],"version-history":[{"count":5,"href":"https:\/\/corecongo.gov.br\/transparencia\/wp-json\/wp\/v2\/pages\/154\/revisions"}],"predecessor-version":[{"id":503,"href":"https:\/\/corecongo.gov.br\/transparencia\/wp-json\/wp\/v2\/pages\/154\/revisions\/503"}],"wp:attachment":[{"href":"https:\/\/corecongo.gov.br\/transparencia\/wp-json\/wp\/v2\/media?parent=154"}],"curies":[{"name":"wp","href":"https:\/\/api.w.org\/{rel}","templated":true}]}}