{"id":140,"date":"2019-02-20T21:38:42","date_gmt":"2019-02-21T00:38:42","guid":{"rendered":"http:\/\/corecongo.gov.br\/transparencia\/?page_id=140"},"modified":"2025-03-04T22:51:27","modified_gmt":"2025-03-05T01:51:27","slug":"resolucoes-2014","status":"publish","type":"page","link":"https:\/\/corecongo.gov.br\/transparencia\/atos-normativos\/resolucoes-2014\/","title":{"rendered":"Resolu\u00e7\u00f5es 2014"},"content":{"rendered":"<p>&nbsp;<\/p>\n<table style=\"width: 100%;\" border=\"0\" align=\"center\">\n<tbody>\n<tr style=\"height: 70px;\">\n<th style=\"background-color: #333399; color: #ffffff; height: 70px; text-align: center;\">\n<p align=\"center\"><strong>RESOLU\u00c7\u00d5ES<\/strong><\/p>\n<\/th>\n<\/tr>\n<tr style=\"height: 486px;\">\n<td style=\"height: 486px; background-color: #f5f5f5; vertical-align: text-top;\">\n<p align=\"center\"><span style=\"color: #008080;\"><strong>2014<\/strong><\/span><\/p>\n<table style=\"height: 626px;\">\n<tbody>\n<tr>\n<td style=\"width: 70px;\"><strong><span style=\"color: #666699;\">N\u00b0<\/span><\/strong><\/td>\n<td><span style=\"color: #666699;\"><strong>Descri\u00e7\u00e3o<\/strong><\/span><\/td>\n<\/tr>\n<tr>\n<td>001<\/td>\n<td><a href=\"#\">&#8211;<\/a><\/td>\n<\/tr>\n<tr>\n<td>002<\/td>\n<td><a href=\"..\/..\/wp-content\/uploads\/docs\/atos-normativos\/resolucoes\/2014\/Res002-2014.pdf\" target=\"_blank\" rel=\"noopener\">Disp\u00f5e sobre reajuste do sal\u00e1rio e do ticket refei\u00e7\u00e3o dos funcion\u00e1rios do CORECON\/GO.<\/a><\/td>\n<\/tr>\n<tr>\n<td>003<\/td>\n<td><a href=\"..\/..\/wp-content\/uploads\/docs\/atos-normativos\/resolucoes\/2014\/Res003-2014.pdf\" target=\"_blank\" rel=\"noopener\">Altera o Regulamento do Pr\u00eamio de Monografia \u201cLeopoldo de Bulh\u00f5es  2014.<\/a><\/td>\n<\/tr>\n<tr>\n<td>004<\/td>\n<td><a href=\"..\/..\/wp-content\/uploads\/docs\/atos-normativos\/resolucoes\/2014\/Res004-2014.pdf\" target=\"_blank\" rel=\"noopener\">Disp\u00f5e sobre a constitui\u00e7\u00e3o da Comiss\u00e3o Examinadora  do IX Pr\u00eamio de Monografia \u201cLEOPOLDO DE BULH\u00d5ES\u201d.<\/a><\/td>\n<\/tr>\n<tr>\n<td>005<\/td>\n<td><a href=\"..\/..\/wp-content\/uploads\/docs\/atos-normativos\/resolucoes\/2014\/Res005-2014.pdf\" target=\"_blank\" rel=\"noopener\">Institui Comiss\u00e3o Eleitoral.<\/a><\/td>\n<\/tr>\n<tr>\n<td>006<\/td>\n<td><a href=\"..\/..\/wp-content\/uploads\/docs\/atos-normativos\/resolucoes\/2014\/Res006-2014.pdf\" target=\"_blank\" rel=\"noopener\"> Aprova o registro de chapas para as elei\u00e7\u00f5es de 2014.<\/a><\/td>\n<\/tr>\n<tr>\n<td>007<\/td>\n<td><a href=\"..\/..\/wp-content\/uploads\/docs\/atos-normativos\/resolucoes\/2014\/Res007-2014.pdf\" target=\"_blank\" rel=\"noopener\">Determinar o voto presencial e por correspond\u00eancia para o Pleito de 2014.<\/a><\/td>\n<\/tr>\n<tr>\n<td>008<\/td>\n<td><a href=\"..\/..\/wp-content\/uploads\/docs\/atos-normativos\/resolucoes\/2014\/Res008-2014.pdf\" target=\"_blank\" rel=\"noopener\">Aprova o balancete do 1\u00ba trimestre de 2014.<\/a><\/td>\n<\/tr>\n<tr>\n<td>009<\/td>\n<td><a href=\"..\/..\/wp-content\/uploads\/docs\/atos-normativos\/resolucoes\/2014\/Res009-2014.pdf\" target=\"_blank\" rel=\"noopener\">Aprova o balancete do 2\u00ba trimestre de 2015.<\/a><\/td>\n<\/tr>\n<tr>\n<td>010<\/td>\n<td><a href=\"..\/..\/wp-content\/uploads\/docs\/atos-normativos\/resolucoes\/2014\/Res010-2014.pdf\" target=\"_blank\" rel=\"noopener\">Disp\u00f5e sobre os valores das contribui\u00e7\u00f5es parafiscais, taxas e emolumentos para o exerc\u00edcio de 2015.<\/a><\/td>\n<\/tr>\n<tr>\n<td>011<\/td>\n<td><a href=\"..\/..\/wp-content\/uploads\/docs\/atos-normativos\/resolucoes\/2014\/Res011-2014.pdf\" target=\"_blank\" rel=\"noopener\">Aprova o Protesto junto aos Tabelionatos de T\u00edtulos as Certid\u00f5es de D\u00edvida Ativa de Pessoa F\u00edsica e Jur\u00eddica.<\/a><\/td>\n<\/tr>\n<tr>\n<td>012<\/td>\n<td><a href=\"..\/..\/wp-content\/uploads\/docs\/atos-normativos\/resolucoes\/2014\/Res012-2014.pdf\" target=\"_blank\" rel=\"noopener\">Aprova o Processo Administrativo referente \u00e0 Proposta Or\u00e7ament\u00e1ria do Exerc\u00edcio de  2015.<\/a><\/td>\n<\/tr>\n<\/tbody>\n<\/table>\n<\/td>\n<\/tr>\n<\/tbody>\n<\/table>\n","protected":false},"excerpt":{"rendered":"<p>&nbsp; RESOLU\u00c7\u00d5ES 2014 N\u00b0 Descri\u00e7\u00e3o 001 &#8211; 002 Disp\u00f5e sobre reajuste do sal\u00e1rio e do ticket refei\u00e7\u00e3o dos funcion\u00e1rios do CORECON\/GO. 003 Altera o Regulamento do Pr\u00eamio de Monografia \u201cLeopoldo de Bulh\u00f5es 2014. 004 Disp\u00f5e sobre a constitui\u00e7\u00e3o da Comiss\u00e3o Examinadora do IX Pr\u00eamio de Monografia \u201cLEOPOLDO DE BULH\u00d5ES\u201d. 005 Institui Comiss\u00e3o Eleitoral. 006 Aprova &hellip; <a href=\"https:\/\/corecongo.gov.br\/transparencia\/atos-normativos\/resolucoes-2014\/\" class=\"more-link\">Continue reading <span class=\"screen-reader-text\">Resolu\u00e7\u00f5es 2014<\/span><\/a><\/p>\n","protected":false},"author":5,"featured_media":0,"parent":40,"menu_order":0,"comment_status":"closed","ping_status":"closed","template":"","meta":{"footnotes":""},"class_list":["post-140","page","type-page","status-publish","hentry"],"_links":{"self":[{"href":"https:\/\/corecongo.gov.br\/transparencia\/wp-json\/wp\/v2\/pages\/140","targetHints":{"allow":["GET"]}}],"collection":[{"href":"https:\/\/corecongo.gov.br\/transparencia\/wp-json\/wp\/v2\/pages"}],"about":[{"href":"https:\/\/corecongo.gov.br\/transparencia\/wp-json\/wp\/v2\/types\/page"}],"author":[{"embeddable":true,"href":"https:\/\/corecongo.gov.br\/transparencia\/wp-json\/wp\/v2\/users\/5"}],"replies":[{"embeddable":true,"href":"https:\/\/corecongo.gov.br\/transparencia\/wp-json\/wp\/v2\/comments?post=140"}],"version-history":[{"count":4,"href":"https:\/\/corecongo.gov.br\/transparencia\/wp-json\/wp\/v2\/pages\/140\/revisions"}],"predecessor-version":[{"id":145,"href":"https:\/\/corecongo.gov.br\/transparencia\/wp-json\/wp\/v2\/pages\/140\/revisions\/145"}],"up":[{"embeddable":true,"href":"https:\/\/corecongo.gov.br\/transparencia\/wp-json\/wp\/v2\/pages\/40"}],"wp:attachment":[{"href":"https:\/\/corecongo.gov.br\/transparencia\/wp-json\/wp\/v2\/media?parent=140"}],"curies":[{"name":"wp","href":"https:\/\/api.w.org\/{rel}","templated":true}]}}