{"id":120,"date":"2019-01-28T21:26:06","date_gmt":"2019-01-28T23:26:06","guid":{"rendered":"http:\/\/corecongo.gov.br\/transparencia\/?page_id=120"},"modified":"2025-03-04T22:51:10","modified_gmt":"2025-03-05T01:51:10","slug":"balancetes","status":"publish","type":"page","link":"https:\/\/corecongo.gov.br\/transparencia\/balancetes\/","title":{"rendered":"Balancetes"},"content":{"rendered":"<h3>2022<\/h3>\n<ol>\n<li><a href=\"\/wp-content\/uploads\/docs\/balancetes\/2022\/bofp-1t.pdf\" target=\"_blank\" rel=\"noopener noreferrer\">Balancete Or\u00e7ament\u00e1rio, Financeiro e Patrimonial &#8211; 1\u00b0 Trimestre<\/a><\/li>\n<\/ol>\n<h3>2021<\/h3>\n<ol>\n<a href=\"\/wp-content\/uploads\/docs\/balancetes\/2021\/bofp.pdf\" target=\"_blank\" rel=\"noopener noreferrer\">Balancete Or\u00e7ament\u00e1rio, Financeiro e Patrimonial<\/a>\n<\/ol>\n<h3>2020<\/h3>\n<p><a href=\"https:\/\/corecongo.gov.br\/transparencia\/wp-content\/uploads\/2022\/04\/BALANCO-PATRIMONIALFINANCEIRO2020.pdf\">Balancete Or\u00e7ament\u00e1rio, Financeiro e Patrimonial 2020<\/a><\/p>\n<h3><strong>2019<\/strong><\/h3>\n<p><a href=\"https:\/\/corecongo.gov.br\/transparencia\/wp-content\/uploads\/2021\/03\/Balancete-Financeiro-e-Patrimonial-2019.pdf\">Balancete Or\u00e7ament\u00e1rio, Financeiro e Patrimonial 2019<\/a><\/p>\n<h3><strong>2018<\/strong><\/h3>\n<p><a href=\"http:\/\/corecongo.gov.br\/transparencia\/wp-content\/uploads\/2019\/09\/2018-3.pdf\">Balancete Or\u00e7ament\u00e1rio, Financeiro e Patrimonial 2018\u00a0<\/a><\/p>\n<h3><strong>2017<\/strong><\/h3>\n<p><a href=\"..\/wp-content\/uploads\/docs\/balancetes\/bfop\/2017.pdf\" target=\"_blank\" rel=\"noopener noreferrer\">Balancete Or\u00e7ament\u00e1rio, Financeiro e Patrimonial<\/a><\/p>\n<h3><strong>2016<\/strong><\/h3>\n<p><a href=\"..\/wp-content\/uploads\/docs\/balancetes\/bfop\/2016.pdf\" target=\"_blank\" rel=\"noopener noreferrer\">Balancete Or\u00e7ament\u00e1rio, Financeiro e Patrimonial<\/a><\/p>\n<h3><strong>2015<\/strong><\/h3>\n<p><a href=\"..\/wp-content\/uploads\/docs\/balancetes\/bfop\/2015.pdf\" target=\"_blank\" rel=\"noopener noreferrer\">Balancete Or\u00e7ament\u00e1rio, Financeiro e Patrimonial<\/a><\/p>\n<h3><strong>2014<\/strong><\/h3>\n<p><a href=\"..\/wp-content\/uploads\/docs\/balancetes\/bfop\/2014.pdf\" target=\"_blank\" rel=\"noopener noreferrer\">Balancete Or\u00e7ament\u00e1rio, Financeiro e Patrimonial<\/a><\/p>\n","protected":false},"excerpt":{"rendered":"<p>2022 Balancete Or\u00e7ament\u00e1rio, Financeiro e Patrimonial &#8211; 1\u00b0 Trimestre 2021 Balancete Or\u00e7ament\u00e1rio, Financeiro e Patrimonial 2020 Balancete Or\u00e7ament\u00e1rio, Financeiro e Patrimonial 2020 2019 Balancete Or\u00e7ament\u00e1rio, Financeiro e Patrimonial 2019 2018 Balancete Or\u00e7ament\u00e1rio, Financeiro e Patrimonial 2018\u00a0 2017 Balancete Or\u00e7ament\u00e1rio, Financeiro e Patrimonial 2016 Balancete Or\u00e7ament\u00e1rio, Financeiro e Patrimonial 2015 Balancete Or\u00e7ament\u00e1rio, Financeiro e Patrimonial 2014 &hellip; <a href=\"https:\/\/corecongo.gov.br\/transparencia\/balancetes\/\" class=\"more-link\">Continue reading <span class=\"screen-reader-text\">Balancetes<\/span><\/a><\/p>\n","protected":false},"author":2,"featured_media":0,"parent":0,"menu_order":0,"comment_status":"closed","ping_status":"closed","template":"","meta":{"footnotes":""},"class_list":["post-120","page","type-page","status-publish","hentry"],"_links":{"self":[{"href":"https:\/\/corecongo.gov.br\/transparencia\/wp-json\/wp\/v2\/pages\/120","targetHints":{"allow":["GET"]}}],"collection":[{"href":"https:\/\/corecongo.gov.br\/transparencia\/wp-json\/wp\/v2\/pages"}],"about":[{"href":"https:\/\/corecongo.gov.br\/transparencia\/wp-json\/wp\/v2\/types\/page"}],"author":[{"embeddable":true,"href":"https:\/\/corecongo.gov.br\/transparencia\/wp-json\/wp\/v2\/users\/2"}],"replies":[{"embeddable":true,"href":"https:\/\/corecongo.gov.br\/transparencia\/wp-json\/wp\/v2\/comments?post=120"}],"version-history":[{"count":20,"href":"https:\/\/corecongo.gov.br\/transparencia\/wp-json\/wp\/v2\/pages\/120\/revisions"}],"predecessor-version":[{"id":575,"href":"https:\/\/corecongo.gov.br\/transparencia\/wp-json\/wp\/v2\/pages\/120\/revisions\/575"}],"wp:attachment":[{"href":"https:\/\/corecongo.gov.br\/transparencia\/wp-json\/wp\/v2\/media?parent=120"}],"curies":[{"name":"wp","href":"https:\/\/api.w.org\/{rel}","templated":true}]}}