{"id":113,"date":"2019-01-28T21:22:42","date_gmt":"2019-01-28T23:22:42","guid":{"rendered":"http:\/\/corecongo.gov.br\/transparencia\/?page_id=113"},"modified":"2025-03-04T22:51:10","modified_gmt":"2025-03-05T01:51:10","slug":"orcamento","status":"publish","type":"page","link":"https:\/\/corecongo.gov.br\/transparencia\/orcamento\/","title":{"rendered":"Or\u00e7amento"},"content":{"rendered":"<h3>2022<\/h3>\n<p><a href=\"https:\/\/corecongo.gov.br\/transparencia\/wp-content\/uploads\/2022\/04\/PROPOSTA-ORC\u0327AMENTARIA-2022.pdf\">Proposta Or\u00e7ament\u00e1ria<\/a><\/p>\n<h3>2021<\/h3>\n<p><a href=\"https:\/\/corecongo.gov.br\/transparencia\/wp-content\/uploads\/2022\/04\/PROPOSTA-ORC\u0327AMENTA\u0301RIA-2021.pdf\">Proposta Or\u00e7ament\u00e1ria<\/a><\/p>\n<h3>2020<\/h3>\n<p><a href=\"https:\/\/corecongo.gov.br\/transparencia\/wp-content\/uploads\/2022\/04\/PROPOSTA-ORC\u0327AMENTA\u0301RIA-2020.pdf\">Proposta Or\u00e7ament\u00e1ria<\/a><\/p>\n<h3>2019<\/h3>\n<p><a href=\"http:\/\/corecongo.gov.br\/transparencia\/wp-content\/uploads\/2019\/09\/Image250919155220.pdf\">Proposta Or\u00e7ament\u00e1ria<\/a><\/p>\n<h3>2018<\/h3>\n<p><a href=\"..\/wp-content\/uploads\/docs\/orcamento\/Orcamento2018.pdf\" target=\"_blank\" rel=\"noopener noreferrer\">Proposta Or\u00e7ament\u00e1ria<\/a><\/p>\n<h3>2017<\/h3>\n<p><a href=\"..\/wp-content\/uploads\/docs\/orcamento\/Orcamento2017.pdf\" target=\"_blank\" rel=\"noopener noreferrer\">Proposta Or\u00e7ament\u00e1ria<\/a><\/p>\n","protected":false},"excerpt":{"rendered":"<p>2022 Proposta Or\u00e7ament\u00e1ria 2021 Proposta Or\u00e7ament\u00e1ria 2020 Proposta Or\u00e7ament\u00e1ria 2019 Proposta Or\u00e7ament\u00e1ria 2018 Proposta Or\u00e7ament\u00e1ria 2017 Proposta Or\u00e7ament\u00e1ria<\/p>\n","protected":false},"author":2,"featured_media":0,"parent":0,"menu_order":0,"comment_status":"closed","ping_status":"closed","template":"","meta":{"footnotes":""},"class_list":["post-113","page","type-page","status-publish","hentry"],"_links":{"self":[{"href":"https:\/\/corecongo.gov.br\/transparencia\/wp-json\/wp\/v2\/pages\/113","targetHints":{"allow":["GET"]}}],"collection":[{"href":"https:\/\/corecongo.gov.br\/transparencia\/wp-json\/wp\/v2\/pages"}],"about":[{"href":"https:\/\/corecongo.gov.br\/transparencia\/wp-json\/wp\/v2\/types\/page"}],"author":[{"embeddable":true,"href":"https:\/\/corecongo.gov.br\/transparencia\/wp-json\/wp\/v2\/users\/2"}],"replies":[{"embeddable":true,"href":"https:\/\/corecongo.gov.br\/transparencia\/wp-json\/wp\/v2\/comments?post=113"}],"version-history":[{"count":9,"href":"https:\/\/corecongo.gov.br\/transparencia\/wp-json\/wp\/v2\/pages\/113\/revisions"}],"predecessor-version":[{"id":518,"href":"https:\/\/corecongo.gov.br\/transparencia\/wp-json\/wp\/v2\/pages\/113\/revisions\/518"}],"wp:attachment":[{"href":"https:\/\/corecongo.gov.br\/transparencia\/wp-json\/wp\/v2\/media?parent=113"}],"curies":[{"name":"wp","href":"https:\/\/api.w.org\/{rel}","templated":true}]}}